{"id":15328,"date":"2022-03-07T14:45:40","date_gmt":"2022-03-07T13:45:40","guid":{"rendered":"https:\/\/www.nubeocho.com\/?post_type=product&#038;p=15328"},"modified":"2022-03-30T14:22:32","modified_gmt":"2022-03-30T12:22:32","slug":"superheroines-i-superherois-manual-dinstruccions","status":"publish","type":"product","link":"https:\/\/www.nubeocho.com\/ca\/producte\/superheroines-i-superherois-manual-dinstruccions\/","title":{"rendered":"Superhero\u00efnes i superherois. Manual d&#8217;instruccions"},"content":{"rendered":"<p>Est\u00e0s pensant a convertir-te en un superheroi o superhero\u00efna? \u00c9s una feina molt dura, per\u00f2 amb aquestes \u00fatils instruccions ser\u00e0 molt m\u00e9s f\u00e0cil. Aquest manual t\u2019ajudar\u00e0 a escollir el teu supervestit, a decidir quin \u00e9s el teu millor superpoder i a saber com formar un supergrup o quin \u00e9s el millor lloc per tenir com a base secreta\u2026 Aqu\u00ed trobar\u00e0s tot el que cal saber per ser el superheroi que sempre has volgut ser.<\/p>\n","protected":false},"excerpt":{"rendered":"<p>Vols detenir un meteorit que caur\u00e0 a la Terra o evitar un accident de tren? Amb aquest senzill manual et podr\u00e0s convertir en un gran superheroi o superhero\u00efna.<\/p>\n","protected":false},"featured_media":15329,"template":"","meta":[],"product_brand":[],"product_cat":[696,697],"product_tag":[1604,1605,1632],"class_list":{"0":"post-15328","1":"product","2":"type-product","3":"status-publish","4":"has-post-thumbnail","6":"colecciones-colleccio-som8","7":"edades-5-cat","8":"product_cat-cataleg","9":"product_cat-llibre-illustrat","10":"product_tag-amistat","11":"product_tag-autors-internacionals","12":"product_tag-humor-ca","14":"first","15":"instock","16":"taxable","17":"shipping-taxable","18":"product-type-simple"},"acf":[],"_links":{"self":[{"href":"https:\/\/www.nubeocho.com\/ca\/wp-json\/wp\/v2\/product\/15328","targetHints":{"allow":["GET"]}}],"collection":[{"href":"https:\/\/www.nubeocho.com\/ca\/wp-json\/wp\/v2\/product"}],"about":[{"href":"https:\/\/www.nubeocho.com\/ca\/wp-json\/wp\/v2\/types\/product"}],"wp:featuredmedia":[{"embeddable":true,"href":"https:\/\/www.nubeocho.com\/ca\/wp-json\/wp\/v2\/media\/15329"}],"wp:attachment":[{"href":"https:\/\/www.nubeocho.com\/ca\/wp-json\/wp\/v2\/media?parent=15328"}],"wp:term":[{"taxonomy":"product_brand","embeddable":true,"href":"https:\/\/www.nubeocho.com\/ca\/wp-json\/wp\/v2\/product_brand?post=15328"},{"taxonomy":"product_cat","embeddable":true,"href":"https:\/\/www.nubeocho.com\/ca\/wp-json\/wp\/v2\/product_cat?post=15328"},{"taxonomy":"product_tag","embeddable":true,"href":"https:\/\/www.nubeocho.com\/ca\/wp-json\/wp\/v2\/product_tag?post=15328"}],"curies":[{"name":"wp","href":"https:\/\/api.w.org\/{rel}","templated":true}]}}