{"id":15292,"date":"2022-03-08T10:12:09","date_gmt":"2022-03-08T09:12:09","guid":{"rendered":"https:\/\/www.nubeocho.com\/?post_type=product&#038;p=15292"},"modified":"2022-03-17T14:07:12","modified_gmt":"2022-03-17T13:07:12","slug":"nenes-i-nens-feministes","status":"publish","type":"product","link":"https:\/\/www.nubeocho.com\/ca\/producte\/nenes-i-nens-feministes\/","title":{"rendered":"Nenes i nens feministes"},"content":{"rendered":"<p>A les nenes i nens feministes ens agraden tots els colors, dur els cabells de la llargada que vulguem i escollir les nostres joguines. Ens encanta jugar tots junts i mostrar les nostres emocions. Per\u00f2, sobretot, no volem que hi hagi \u00abcoses de noies\u00bb ni \u00abcoses de nois\u00bb.<\/p>\n<p>Luis Amavisca i Blanca Lacasa, amb les inconfusibles il\u00b7lustracions de Gusti, presenten, en forma de situacions quotidianes, un breu manual per a nenes i nens feministes. La igualtat \u00e9s cosa de totes i de tots.<\/p>\n","protected":false},"excerpt":{"rendered":"<p>Qu\u00e8 \u00e9s ser feminista? Les nenes i els nens protagonistes, a trav\u00e9s de situacions quotidianes, ens ajuden a entendre-ho.<\/p>\n","protected":false},"featured_media":15430,"template":"","meta":[],"product_brand":[],"product_cat":[696,697],"product_tag":[1632,1635],"class_list":{"0":"post-15292","1":"product","2":"type-product","3":"status-publish","4":"has-post-thumbnail","6":"colecciones-egalite-ca","7":"edades-4-ca","8":"product_cat-cataleg","9":"product_cat-llibre-illustrat","10":"product_tag-humor-ca","11":"product_tag-igualtat-feminisme","13":"first","14":"instock","15":"taxable","16":"shipping-taxable","17":"product-type-simple"},"acf":[],"_links":{"self":[{"href":"https:\/\/www.nubeocho.com\/ca\/wp-json\/wp\/v2\/product\/15292","targetHints":{"allow":["GET"]}}],"collection":[{"href":"https:\/\/www.nubeocho.com\/ca\/wp-json\/wp\/v2\/product"}],"about":[{"href":"https:\/\/www.nubeocho.com\/ca\/wp-json\/wp\/v2\/types\/product"}],"wp:featuredmedia":[{"embeddable":true,"href":"https:\/\/www.nubeocho.com\/ca\/wp-json\/wp\/v2\/media\/15430"}],"wp:attachment":[{"href":"https:\/\/www.nubeocho.com\/ca\/wp-json\/wp\/v2\/media?parent=15292"}],"wp:term":[{"taxonomy":"product_brand","embeddable":true,"href":"https:\/\/www.nubeocho.com\/ca\/wp-json\/wp\/v2\/product_brand?post=15292"},{"taxonomy":"product_cat","embeddable":true,"href":"https:\/\/www.nubeocho.com\/ca\/wp-json\/wp\/v2\/product_cat?post=15292"},{"taxonomy":"product_tag","embeddable":true,"href":"https:\/\/www.nubeocho.com\/ca\/wp-json\/wp\/v2\/product_tag?post=15292"}],"curies":[{"name":"wp","href":"https:\/\/api.w.org\/{rel}","templated":true}]}}