{"id":15239,"date":"2022-02-22T10:22:21","date_gmt":"2022-02-22T09:22:21","guid":{"rendered":"https:\/\/www.nubeocho.com\/?post_type=product&#038;p=15239"},"modified":"2022-03-09T09:32:12","modified_gmt":"2022-03-09T08:32:12","slug":"ves-amb-compte-bruno","status":"publish","type":"product","link":"https:\/\/www.nubeocho.com\/ca\/producte\/ves-amb-compte-bruno\/","title":{"rendered":"Ves amb compte, Bruno!"},"content":{"rendered":"<p>Els pares del Bruno l&#8217;estimen molt, per\u00f2 el protegeixen tant que no el deixen ser ell mateix ni divertir-se com la resta dels nens. Sempre veuen algun perill. Com aconseguir\u00e0 en Bruno que el deixin llan\u00e7ar pel tobogan o xipollejar als bassals?<\/p>\n","protected":false},"excerpt":{"rendered":"<p>Una divertid\u00edssima hist\u00f2ria sobre la sobreprotecci\u00f3 que exerceixen molts pares amb els seus fills i filles. Unes claus per entendre que de vegades no passa res perqu\u00e8 els infants es mullin, s&#8217;embrutin o passin una mica de fred o de calor.<\/p>\n","protected":false},"featured_media":15267,"template":"","meta":[],"product_brand":[],"product_cat":[696,697],"product_tag":[1626,1632],"class_list":{"0":"post-15239","1":"product","2":"type-product","3":"status-publish","4":"has-post-thumbnail","6":"colecciones-colleccio-som8","7":"edades-4-ca","8":"product_cat-cataleg","9":"product_cat-llibre-illustrat","10":"product_tag-familia-ca","11":"product_tag-humor-ca","13":"first","14":"instock","15":"taxable","16":"shipping-taxable","17":"product-type-simple"},"acf":[],"_links":{"self":[{"href":"https:\/\/www.nubeocho.com\/ca\/wp-json\/wp\/v2\/product\/15239","targetHints":{"allow":["GET"]}}],"collection":[{"href":"https:\/\/www.nubeocho.com\/ca\/wp-json\/wp\/v2\/product"}],"about":[{"href":"https:\/\/www.nubeocho.com\/ca\/wp-json\/wp\/v2\/types\/product"}],"wp:featuredmedia":[{"embeddable":true,"href":"https:\/\/www.nubeocho.com\/ca\/wp-json\/wp\/v2\/media\/15267"}],"wp:attachment":[{"href":"https:\/\/www.nubeocho.com\/ca\/wp-json\/wp\/v2\/media?parent=15239"}],"wp:term":[{"taxonomy":"product_brand","embeddable":true,"href":"https:\/\/www.nubeocho.com\/ca\/wp-json\/wp\/v2\/product_brand?post=15239"},{"taxonomy":"product_cat","embeddable":true,"href":"https:\/\/www.nubeocho.com\/ca\/wp-json\/wp\/v2\/product_cat?post=15239"},{"taxonomy":"product_tag","embeddable":true,"href":"https:\/\/www.nubeocho.com\/ca\/wp-json\/wp\/v2\/product_tag?post=15239"}],"curies":[{"name":"wp","href":"https:\/\/api.w.org\/{rel}","templated":true}]}}