{"id":15201,"date":"2022-02-18T09:42:13","date_gmt":"2022-02-18T08:42:13","guid":{"rendered":"https:\/\/www.nubeocho.com\/?post_type=product&#038;p=15201"},"modified":"2022-11-25T14:21:47","modified_gmt":"2022-11-25T13:21:47","slug":"la-faldilla-lila-den-leo","status":"publish","type":"product","link":"https:\/\/www.nubeocho.com\/ca\/producte\/la-faldilla-lila-den-leo\/","title":{"rendered":"La faldilla lila d&#8217;en Leo"},"content":{"rendered":"<p>A en Leo li encanta disfressar-se. De pirata, de superheroi, de cavaller&#8230; Tamb\u00e9 li agrada posar-se la faldilla lila, per\u00f2 el dia en qu\u00e8 va decidir sortir al carrer amb ella, una senyora gran va pensar que en Leo era una nena i ell es va enfadar molt. Un nen no pot jugar i posar-se una faldilla? Fa anys, a les nenes no els deixaven posar pantalons, potser aix\u00f2 \u00e9s el mateix&#8230;<\/p>\n","protected":false},"excerpt":{"rendered":"<p>Una reflexi\u00f3 sobre les tradicions i les divisions entre la roba de nens i de nenes. Per qu\u00e8 no ens podem vestir com ens vingui de gust?<\/p>\n","protected":false},"featured_media":15202,"template":"","meta":[],"product_brand":[],"product_cat":[696,697],"product_tag":[1614,1635,1644],"class_list":{"0":"post-15201","1":"product","2":"type-product","3":"status-publish","4":"has-post-thumbnail","6":"colecciones-egalite-ca","7":"edades-4-ca","8":"product_cat-cataleg","9":"product_cat-llibre-illustrat","10":"product_tag-diversitat","11":"product_tag-igualtat-feminisme","12":"product_tag-per-reflexionar","14":"first","15":"instock","16":"taxable","17":"shipping-taxable","18":"product-type-simple"},"acf":[],"_links":{"self":[{"href":"https:\/\/www.nubeocho.com\/ca\/wp-json\/wp\/v2\/product\/15201","targetHints":{"allow":["GET"]}}],"collection":[{"href":"https:\/\/www.nubeocho.com\/ca\/wp-json\/wp\/v2\/product"}],"about":[{"href":"https:\/\/www.nubeocho.com\/ca\/wp-json\/wp\/v2\/types\/product"}],"wp:featuredmedia":[{"embeddable":true,"href":"https:\/\/www.nubeocho.com\/ca\/wp-json\/wp\/v2\/media\/15202"}],"wp:attachment":[{"href":"https:\/\/www.nubeocho.com\/ca\/wp-json\/wp\/v2\/media?parent=15201"}],"wp:term":[{"taxonomy":"product_brand","embeddable":true,"href":"https:\/\/www.nubeocho.com\/ca\/wp-json\/wp\/v2\/product_brand?post=15201"},{"taxonomy":"product_cat","embeddable":true,"href":"https:\/\/www.nubeocho.com\/ca\/wp-json\/wp\/v2\/product_cat?post=15201"},{"taxonomy":"product_tag","embeddable":true,"href":"https:\/\/www.nubeocho.com\/ca\/wp-json\/wp\/v2\/product_tag?post=15201"}],"curies":[{"name":"wp","href":"https:\/\/api.w.org\/{rel}","templated":true}]}}