{"id":15157,"date":"2022-02-15T13:45:43","date_gmt":"2022-02-15T12:45:43","guid":{"rendered":"https:\/\/www.nubeocho.com\/?post_type=product&#038;p=15157"},"modified":"2022-02-15T13:46:17","modified_gmt":"2022-02-15T12:46:17","slug":"mariona-petarrona","status":"publish","type":"product","link":"https:\/\/www.nubeocho.com\/ca\/producte\/mariona-petarrona\/","title":{"rendered":"Mariona Petarrona"},"content":{"rendered":"<p>La Mariona es tira molts pets, no pot evitar-ho. Aix\u00f2 fa que a l\u2019escola se\u2019n riguin d\u2019ella i li diguin &#8220;Mariona petarrona\u201d. \u00a0Tot i aix\u00f2, gr\u00e0cies als seus pets, la Mariona salvar\u00e0 d\u2019un gran perill a tots els seus companys en una excursi\u00f3 al camp.<\/p>\n","protected":false},"excerpt":{"rendered":"<p>Una divertid\u00edssima hist\u00f2ria que ens parla de pets, per\u00f2 tamb\u00e9 de sentiments tendres, del poder de l\u2019amistat i, sobretot, de com aconseguir que una difer\u00e8ncia es converteixi en un gran talent.<\/p>\n","protected":false},"featured_media":15158,"template":"","meta":[],"product_brand":[],"product_cat":[696,697],"product_tag":[1604,1623,1632],"class_list":{"0":"post-15157","1":"product","2":"type-product","3":"status-publish","4":"has-post-thumbnail","6":"colecciones-colleccio-som8","7":"edades-3-ca","8":"product_cat-cataleg","9":"product_cat-llibre-illustrat","10":"product_tag-amistat","11":"product_tag-escatologics","12":"product_tag-humor-ca","14":"first","15":"instock","16":"taxable","17":"shipping-taxable","18":"product-type-simple"},"acf":[],"_links":{"self":[{"href":"https:\/\/www.nubeocho.com\/ca\/wp-json\/wp\/v2\/product\/15157","targetHints":{"allow":["GET"]}}],"collection":[{"href":"https:\/\/www.nubeocho.com\/ca\/wp-json\/wp\/v2\/product"}],"about":[{"href":"https:\/\/www.nubeocho.com\/ca\/wp-json\/wp\/v2\/types\/product"}],"wp:featuredmedia":[{"embeddable":true,"href":"https:\/\/www.nubeocho.com\/ca\/wp-json\/wp\/v2\/media\/15158"}],"wp:attachment":[{"href":"https:\/\/www.nubeocho.com\/ca\/wp-json\/wp\/v2\/media?parent=15157"}],"wp:term":[{"taxonomy":"product_brand","embeddable":true,"href":"https:\/\/www.nubeocho.com\/ca\/wp-json\/wp\/v2\/product_brand?post=15157"},{"taxonomy":"product_cat","embeddable":true,"href":"https:\/\/www.nubeocho.com\/ca\/wp-json\/wp\/v2\/product_cat?post=15157"},{"taxonomy":"product_tag","embeddable":true,"href":"https:\/\/www.nubeocho.com\/ca\/wp-json\/wp\/v2\/product_tag?post=15157"}],"curies":[{"name":"wp","href":"https:\/\/api.w.org\/{rel}","templated":true}]}}