{"id":15016,"date":"2022-01-27T12:53:25","date_gmt":"2022-01-27T11:53:25","guid":{"rendered":"https:\/\/www.nubeocho.com\/?post_type=product&#038;p=15016"},"modified":"2022-02-15T13:09:31","modified_gmt":"2022-02-15T12:09:31","slug":"la-roca-de-la-mila-i-en-carles","status":"publish","type":"product","link":"https:\/\/www.nubeocho.com\/ca\/producte\/la-roca-de-la-mila-i-en-carles\/","title":{"rendered":"La roca de la Mila i en Carles"},"content":{"rendered":"<p>La foca Mila ha trobat una roca especial enmig del mar on se sent molt a gust. Li encanta saltar a l\u2019aigua des del capdamunt i tamb\u00e9 estirar-s\u2019hi a sobre per descansar. Un bon dia, un divertit accident va fer que conegu\u00e9s a la gavina Carles. Junts van compartir un temps preci\u00f3s a la roca fins que en Carles va haver d\u2019anar-se\u2019n amb la seva fam\u00edlia. Per\u00f2 ser\u00e0 l\u2019\u00faltima vegada que es trobin?<\/p>\n","protected":false},"excerpt":{"rendered":"<p>Una preciosa hist\u00f2ria sobre el naixement d\u2019una amistat. Quan l\u2019amistat \u00e9s vertadera, aquesta es mant\u00e9 sense que importi el temps que passi ni les circumst\u00e0ncies.<\/p>\n","protected":false},"featured_media":15055,"template":"","meta":[],"product_brand":[],"product_cat":[696,697],"product_tag":[1604,1605],"class_list":{"0":"post-15016","1":"product","2":"type-product","3":"status-publish","4":"has-post-thumbnail","6":"colecciones-colleccio-som8","7":"edades-3-ca","8":"product_cat-cataleg","9":"product_cat-llibre-illustrat","10":"product_tag-amistat","11":"product_tag-autors-internacionals","13":"first","14":"instock","15":"taxable","16":"shipping-taxable","17":"product-type-simple"},"acf":[],"_links":{"self":[{"href":"https:\/\/www.nubeocho.com\/ca\/wp-json\/wp\/v2\/product\/15016","targetHints":{"allow":["GET"]}}],"collection":[{"href":"https:\/\/www.nubeocho.com\/ca\/wp-json\/wp\/v2\/product"}],"about":[{"href":"https:\/\/www.nubeocho.com\/ca\/wp-json\/wp\/v2\/types\/product"}],"wp:featuredmedia":[{"embeddable":true,"href":"https:\/\/www.nubeocho.com\/ca\/wp-json\/wp\/v2\/media\/15055"}],"wp:attachment":[{"href":"https:\/\/www.nubeocho.com\/ca\/wp-json\/wp\/v2\/media?parent=15016"}],"wp:term":[{"taxonomy":"product_brand","embeddable":true,"href":"https:\/\/www.nubeocho.com\/ca\/wp-json\/wp\/v2\/product_brand?post=15016"},{"taxonomy":"product_cat","embeddable":true,"href":"https:\/\/www.nubeocho.com\/ca\/wp-json\/wp\/v2\/product_cat?post=15016"},{"taxonomy":"product_tag","embeddable":true,"href":"https:\/\/www.nubeocho.com\/ca\/wp-json\/wp\/v2\/product_tag?post=15016"}],"curies":[{"name":"wp","href":"https:\/\/api.w.org\/{rel}","templated":true}]}}