{"id":14965,"date":"2022-01-21T12:52:21","date_gmt":"2022-01-21T11:52:21","guid":{"rendered":"https:\/\/www.nubeocho.com\/?post_type=product&#038;p=14965"},"modified":"2022-03-30T14:18:01","modified_gmt":"2022-03-30T12:18:01","slug":"el-fantasma-de-les-calces-foradades","status":"publish","type":"product","link":"https:\/\/www.nubeocho.com\/ca\/producte\/el-fantasma-de-les-calces-foradades\/","title":{"rendered":"El fantasma de les calces foradades"},"content":{"rendered":"<p>\u2014SOC EL FANTASMA DE LES CALCES FORADAAAADES!<\/p>\n<p>En Vila Horripila, els ve\u00efns no poden dormir ni viure tranquils perqu\u00e8 el Fantasma de les calces foradades els espanta a tota hora. Per tal d\u2019acabar amb aquest assumpte, el Mario Bolivermell i la Vera la Bombera aniran al castell\u2026 per\u00f2 tots fugen espaordits. Com aconseguiran solucionar el problema del fantasma de les calces foradades?<\/p>\n","protected":false},"excerpt":{"rendered":"<p>De la m\u00e0 de Jos\u00e9 Carlos Andr\u00e9s i il\u00b7lustrat per G\u00f3mez, despr\u00e9s de l&#8217;\u00e8xit <em>d&#8217;Un vampir perilloz<\/em>, arriba un nou i divertit monstre ple de tendresa que aconseguir\u00e0 transformar la por en riure.<\/p>\n","protected":false},"featured_media":14966,"template":"","meta":[],"product_brand":[],"product_cat":[696,697],"product_tag":[1620,1629,1632,1638],"class_list":{"0":"post-14965","1":"product","2":"type-product","3":"status-publish","4":"has-post-thumbnail","6":"colecciones-monstruosos-ca","7":"edades-4-ca","8":"product_cat-cataleg","9":"product_cat-llibre-illustrat","10":"product_tag-emocions","11":"product_tag-grans-exits-els-mes-venuts","12":"product_tag-humor-ca","13":"product_tag-pors","15":"first","16":"instock","17":"taxable","18":"shipping-taxable","19":"product-type-simple"},"acf":[],"_links":{"self":[{"href":"https:\/\/www.nubeocho.com\/ca\/wp-json\/wp\/v2\/product\/14965","targetHints":{"allow":["GET"]}}],"collection":[{"href":"https:\/\/www.nubeocho.com\/ca\/wp-json\/wp\/v2\/product"}],"about":[{"href":"https:\/\/www.nubeocho.com\/ca\/wp-json\/wp\/v2\/types\/product"}],"wp:featuredmedia":[{"embeddable":true,"href":"https:\/\/www.nubeocho.com\/ca\/wp-json\/wp\/v2\/media\/14966"}],"wp:attachment":[{"href":"https:\/\/www.nubeocho.com\/ca\/wp-json\/wp\/v2\/media?parent=14965"}],"wp:term":[{"taxonomy":"product_brand","embeddable":true,"href":"https:\/\/www.nubeocho.com\/ca\/wp-json\/wp\/v2\/product_brand?post=14965"},{"taxonomy":"product_cat","embeddable":true,"href":"https:\/\/www.nubeocho.com\/ca\/wp-json\/wp\/v2\/product_cat?post=14965"},{"taxonomy":"product_tag","embeddable":true,"href":"https:\/\/www.nubeocho.com\/ca\/wp-json\/wp\/v2\/product_tag?post=14965"}],"curies":[{"name":"wp","href":"https:\/\/api.w.org\/{rel}","templated":true}]}}