{"id":14530,"date":"2020-10-26T12:22:30","date_gmt":"2020-10-26T11:22:30","guid":{"rendered":"https:\/\/www.nubeocho.com?post_type=product&#038;p=14530"},"modified":"2022-01-24T09:08:11","modified_gmt":"2022-01-24T08:08:11","slug":"la-primera-aventura-del-ratolinet-de-les-dents","status":"publish","type":"product","link":"https:\/\/www.nubeocho.com\/ca\/producte\/la-primera-aventura-del-ratolinet-de-les-dents\/","title":{"rendered":"LA PRIMERA AVENTURA DEL RATOLINET DE LES DENTS"},"content":{"rendered":"<p>Vols saber qu\u00e8 succeeix realment quan et cau una dent? La veritable hist\u00f2ria del ratolinet de les dents va comen\u00e7ar al fons del mar. L&#8217;ostra ha perdut la seva \u00fanica perla i est\u00e0 molt, molt trista. Els seus amics la intenten ajudar i busquen una cosa blanca, dura i brillant que se li assembli.<\/p>\n<p>Adaptaci\u00f3 de Jos\u00e9 Carlos Andr\u00e9s del conte de tradici\u00f3 oral. Inclou portada encunyada i sobre per a la dent!<\/p>\n<p>&nbsp;<\/p>\n","protected":false},"excerpt":{"rendered":"<p>Gaireb\u00e9 ning\u00fa coneix la veritable hist\u00f2ria del ratolinet de les dents. Qui es podria imaginar que tot va comen\u00e7ar sota el mar?<\/p>\n","protected":false},"featured_media":14535,"template":"","meta":[],"product_brand":[],"product_cat":[696,697],"product_tag":[1604,1632],"class_list":{"0":"post-14530","1":"product","2":"type-product","3":"status-publish","4":"has-post-thumbnail","6":"colecciones-colleccio-som8","7":"edades-4-ca","8":"product_cat-cataleg","9":"product_cat-llibre-illustrat","10":"product_tag-amistat","11":"product_tag-humor-ca","13":"first","14":"instock","15":"taxable","16":"shipping-taxable","17":"product-type-simple"},"acf":[],"_links":{"self":[{"href":"https:\/\/www.nubeocho.com\/ca\/wp-json\/wp\/v2\/product\/14530","targetHints":{"allow":["GET"]}}],"collection":[{"href":"https:\/\/www.nubeocho.com\/ca\/wp-json\/wp\/v2\/product"}],"about":[{"href":"https:\/\/www.nubeocho.com\/ca\/wp-json\/wp\/v2\/types\/product"}],"wp:featuredmedia":[{"embeddable":true,"href":"https:\/\/www.nubeocho.com\/ca\/wp-json\/wp\/v2\/media\/14535"}],"wp:attachment":[{"href":"https:\/\/www.nubeocho.com\/ca\/wp-json\/wp\/v2\/media?parent=14530"}],"wp:term":[{"taxonomy":"product_brand","embeddable":true,"href":"https:\/\/www.nubeocho.com\/ca\/wp-json\/wp\/v2\/product_brand?post=14530"},{"taxonomy":"product_cat","embeddable":true,"href":"https:\/\/www.nubeocho.com\/ca\/wp-json\/wp\/v2\/product_cat?post=14530"},{"taxonomy":"product_tag","embeddable":true,"href":"https:\/\/www.nubeocho.com\/ca\/wp-json\/wp\/v2\/product_tag?post=14530"}],"curies":[{"name":"wp","href":"https:\/\/api.w.org\/{rel}","templated":true}]}}