{"id":14498,"date":"2021-05-24T15:02:20","date_gmt":"2021-05-24T13:02:20","guid":{"rendered":"https:\/\/www.nubeocho.com?post_type=product&#038;p=14498"},"modified":"2021-11-25T10:45:51","modified_gmt":"2021-11-25T09:45:51","slug":"qui-mha-robat-la-cama","status":"publish","type":"product","link":"https:\/\/www.nubeocho.com\/ca\/producte\/qui-mha-robat-la-cama\/","title":{"rendered":"Qui m\u2019ha robat la cama?"},"content":{"rendered":"<p>En Mal\u00e0nima era el capit\u00e0 pirata m\u00e9s temible de tots els mars del Nord, del Sud, de l&#8217;Est i de l&#8217;Oest. Feia tanta por que ni s&#8217;afaitava per no mirar-se al mirall i no fer-se por a si mateix.<\/p>\n<p>Aconseguir\u00e0 la seva tripulaci\u00f3 deixar de tenir-li tanta por? Potser hi t\u00e9 a veure el toc, toc, toc que fa la seva cama de fusta quan passeja per la coberta del vaixell?<\/p>\n","protected":false},"excerpt":{"rendered":"<p>En Mal\u00e0nima, el pirata que feia por fins i tot a la mateixa por, \u00e9s el protagonista d&#8217;aquest llibre. Juntament amb <em>La Carlota no diu ni p<\/em>iu i <em>Les pors del capit\u00e0 Cac\u00farcies<\/em>, <em>Qui m\u2019ha robat la cama?<\/em> completa la \u201ctrilogia de la por\u201d de Jos\u00e9 Carlos Andr\u00e9s.<\/p>\n","protected":false},"featured_media":14500,"template":"","meta":[],"product_brand":[],"product_cat":[696,697],"product_tag":[1632,1608,1638],"class_list":{"0":"post-14498","1":"product","2":"type-product","3":"status-publish","4":"has-post-thumbnail","6":"colecciones-colleccio-som8","7":"edades-4-ca","8":"product_cat-cataleg","9":"product_cat-llibre-illustrat","10":"product_tag-humor-ca","11":"product_tag-noies-i-nois-pirata","12":"product_tag-pors","14":"first","15":"instock","16":"product-type-simple"},"acf":[],"_links":{"self":[{"href":"https:\/\/www.nubeocho.com\/ca\/wp-json\/wp\/v2\/product\/14498","targetHints":{"allow":["GET"]}}],"collection":[{"href":"https:\/\/www.nubeocho.com\/ca\/wp-json\/wp\/v2\/product"}],"about":[{"href":"https:\/\/www.nubeocho.com\/ca\/wp-json\/wp\/v2\/types\/product"}],"wp:featuredmedia":[{"embeddable":true,"href":"https:\/\/www.nubeocho.com\/ca\/wp-json\/wp\/v2\/media\/14500"}],"wp:attachment":[{"href":"https:\/\/www.nubeocho.com\/ca\/wp-json\/wp\/v2\/media?parent=14498"}],"wp:term":[{"taxonomy":"product_brand","embeddable":true,"href":"https:\/\/www.nubeocho.com\/ca\/wp-json\/wp\/v2\/product_brand?post=14498"},{"taxonomy":"product_cat","embeddable":true,"href":"https:\/\/www.nubeocho.com\/ca\/wp-json\/wp\/v2\/product_cat?post=14498"},{"taxonomy":"product_tag","embeddable":true,"href":"https:\/\/www.nubeocho.com\/ca\/wp-json\/wp\/v2\/product_tag?post=14498"}],"curies":[{"name":"wp","href":"https:\/\/api.w.org\/{rel}","templated":true}]}}