{"id":14353,"date":"2019-09-23T14:49:17","date_gmt":"2019-09-23T12:49:17","guid":{"rendered":"https:\/\/www.nubeocho.com?post_type=product&#038;p=14353"},"modified":"2023-04-05T12:18:41","modified_gmt":"2023-04-05T10:18:41","slug":"no-tinguis-por","status":"publish","type":"product","link":"https:\/\/www.nubeocho.com\/ca\/producte\/no-tinguis-por\/","title":{"rendered":"NO TINGUIS POR"},"content":{"rendered":"<p>Avui \u00e9s el primer dia que la Cranqueta va al mar. Li agradar\u00e0? Qu\u00e8 sentir\u00e0 quan conegui les onades? El nou llibre de Chris Haughton ens fa somriure i recordar l\u2019emoci\u00f3 de descobrir coses noves.<\/p>\n","protected":false},"excerpt":{"rendered":"<p>Por, valentia, superaci\u00f3 i humor en el nou llibre del prestigi\u00f3s Chris Haughton.<\/p>\n<p>&nbsp;<\/p>\n","protected":false},"featured_media":14354,"template":"","meta":[],"product_brand":[],"product_cat":[696,697],"product_tag":[1605,1626,1638],"class_list":{"0":"post-14353","1":"product","2":"type-product","3":"status-publish","4":"has-post-thumbnail","6":"colecciones-colleccio-som8","7":"edades-2-ca","8":"product_cat-cataleg","9":"product_cat-llibre-illustrat","10":"product_tag-autors-internacionals","11":"product_tag-familia-ca","12":"product_tag-pors","14":"first","15":"instock","16":"taxable","17":"shipping-taxable","18":"product-type-simple"},"acf":[],"_links":{"self":[{"href":"https:\/\/www.nubeocho.com\/ca\/wp-json\/wp\/v2\/product\/14353","targetHints":{"allow":["GET"]}}],"collection":[{"href":"https:\/\/www.nubeocho.com\/ca\/wp-json\/wp\/v2\/product"}],"about":[{"href":"https:\/\/www.nubeocho.com\/ca\/wp-json\/wp\/v2\/types\/product"}],"wp:featuredmedia":[{"embeddable":true,"href":"https:\/\/www.nubeocho.com\/ca\/wp-json\/wp\/v2\/media\/14354"}],"wp:attachment":[{"href":"https:\/\/www.nubeocho.com\/ca\/wp-json\/wp\/v2\/media?parent=14353"}],"wp:term":[{"taxonomy":"product_brand","embeddable":true,"href":"https:\/\/www.nubeocho.com\/ca\/wp-json\/wp\/v2\/product_brand?post=14353"},{"taxonomy":"product_cat","embeddable":true,"href":"https:\/\/www.nubeocho.com\/ca\/wp-json\/wp\/v2\/product_cat?post=14353"},{"taxonomy":"product_tag","embeddable":true,"href":"https:\/\/www.nubeocho.com\/ca\/wp-json\/wp\/v2\/product_tag?post=14353"}],"curies":[{"name":"wp","href":"https:\/\/api.w.org\/{rel}","templated":true}]}}