{"id":14352,"date":"2021-04-12T14:22:55","date_gmt":"2021-04-12T12:22:55","guid":{"rendered":"https:\/\/www.nubeocho.com?post_type=product&#038;p=14352"},"modified":"2023-11-08T13:49:15","modified_gmt":"2023-11-08T12:49:15","slug":"no-tinguis-por-es","status":"publish","type":"product","link":"https:\/\/www.nubeocho.com\/ca\/producte\/no-tinguis-por-es\/","title":{"rendered":"No tinguis por (LLibre de Cartr\u00f3)"},"content":{"rendered":"<p>Avui \u00e9s el primer dia que la Cranqueta va al mar. Li agradar\u00e0? Qu\u00e8 sentir\u00e0 quan conegui les onades? El nou llibre de Chris Haughton ens fa somriure i recordar l\u2019emoci\u00f3 de descobrir coses noves.<\/p>\n","protected":false},"excerpt":{"rendered":"<p>Por, valentia, superaci\u00f3 i humor en el nou llibre del prestigi\u00f3s Chris Haughton.<\/p>\n","protected":false},"featured_media":14580,"template":"","meta":[],"product_brand":[],"product_cat":[696,1154],"product_tag":[1605,1647,1626,1638],"class_list":{"0":"post-14352","1":"product","2":"type-product","3":"status-publish","4":"has-post-thumbnail","6":"colecciones-nuvol-de-cartro","7":"edades-0-cat","8":"product_cat-cataleg","9":"product_cat-llibre-de-cartro","10":"product_tag-autors-internacionals","11":"product_tag-cartro","12":"product_tag-familia-ca","13":"product_tag-pors","15":"first","16":"instock","17":"taxable","18":"shipping-taxable","19":"product-type-simple"},"acf":[],"_links":{"self":[{"href":"https:\/\/www.nubeocho.com\/ca\/wp-json\/wp\/v2\/product\/14352","targetHints":{"allow":["GET"]}}],"collection":[{"href":"https:\/\/www.nubeocho.com\/ca\/wp-json\/wp\/v2\/product"}],"about":[{"href":"https:\/\/www.nubeocho.com\/ca\/wp-json\/wp\/v2\/types\/product"}],"wp:featuredmedia":[{"embeddable":true,"href":"https:\/\/www.nubeocho.com\/ca\/wp-json\/wp\/v2\/media\/14580"}],"wp:attachment":[{"href":"https:\/\/www.nubeocho.com\/ca\/wp-json\/wp\/v2\/media?parent=14352"}],"wp:term":[{"taxonomy":"product_brand","embeddable":true,"href":"https:\/\/www.nubeocho.com\/ca\/wp-json\/wp\/v2\/product_brand?post=14352"},{"taxonomy":"product_cat","embeddable":true,"href":"https:\/\/www.nubeocho.com\/ca\/wp-json\/wp\/v2\/product_cat?post=14352"},{"taxonomy":"product_tag","embeddable":true,"href":"https:\/\/www.nubeocho.com\/ca\/wp-json\/wp\/v2\/product_tag?post=14352"}],"curies":[{"name":"wp","href":"https:\/\/api.w.org\/{rel}","templated":true}]}}