{"id":14313,"date":"2015-09-21T14:51:53","date_gmt":"2015-09-21T12:51:53","guid":{"rendered":"https:\/\/www.nubeocho.com?post_type=product&#038;p=14313"},"modified":"2025-01-16T10:47:29","modified_gmt":"2025-01-16T09:47:29","slug":"larbre-dels-records","status":"publish","type":"product","link":"https:\/\/www.nubeocho.com\/ca\/producte\/larbre-dels-records\/","title":{"rendered":"L\u2019ARBRE DELS RECORDS"},"content":{"rendered":"<p>Le Guineu havia tingut una vida llarga i feli\u00e7, per\u00f2 ara estava cansada. Va observar el seu estimat bosc una \u00faltima vegada i es va quedar adormida per sempre m\u00e9s. Aquest conte, dol\u00e7 i reconfortant, celebra la vida i tots els records que romanen en nosaltres despr\u00e9s de la mort d&#8217;un \u00e9sser estimat.<\/p>\n<p>L&#8217;arbre dels records \u00e9s una coedici\u00f3 de NubeOcho Ediciones i Pepa Montano Editora.<\/p>\n","protected":false},"excerpt":{"rendered":"<p>Un arbre que creix amb l&#8217;amor i els records d&#8217;un\u00e9sser estimat que ha mort.<\/p>\n","protected":false},"featured_media":14314,"template":"","meta":[],"product_brand":[],"product_cat":[696,697],"product_tag":[1604,1605,1620,1629,1644],"class_list":{"0":"post-14313","1":"product","2":"type-product","3":"status-publish","4":"has-post-thumbnail","6":"colecciones-colleccio-som8","7":"edades-4-ca","8":"product_cat-cataleg","9":"product_cat-llibre-illustrat","10":"product_tag-amistat","11":"product_tag-autors-internacionals","12":"product_tag-emocions","13":"product_tag-grans-exits-els-mes-venuts","14":"product_tag-per-reflexionar","16":"first","17":"instock","18":"product-type-simple"},"acf":[],"_links":{"self":[{"href":"https:\/\/www.nubeocho.com\/ca\/wp-json\/wp\/v2\/product\/14313","targetHints":{"allow":["GET"]}}],"collection":[{"href":"https:\/\/www.nubeocho.com\/ca\/wp-json\/wp\/v2\/product"}],"about":[{"href":"https:\/\/www.nubeocho.com\/ca\/wp-json\/wp\/v2\/types\/product"}],"wp:featuredmedia":[{"embeddable":true,"href":"https:\/\/www.nubeocho.com\/ca\/wp-json\/wp\/v2\/media\/14314"}],"wp:attachment":[{"href":"https:\/\/www.nubeocho.com\/ca\/wp-json\/wp\/v2\/media?parent=14313"}],"wp:term":[{"taxonomy":"product_brand","embeddable":true,"href":"https:\/\/www.nubeocho.com\/ca\/wp-json\/wp\/v2\/product_brand?post=14313"},{"taxonomy":"product_cat","embeddable":true,"href":"https:\/\/www.nubeocho.com\/ca\/wp-json\/wp\/v2\/product_cat?post=14313"},{"taxonomy":"product_tag","embeddable":true,"href":"https:\/\/www.nubeocho.com\/ca\/wp-json\/wp\/v2\/product_tag?post=14313"}],"curies":[{"name":"wp","href":"https:\/\/api.w.org\/{rel}","templated":true}]}}