{"id":14205,"date":"2020-09-28T12:27:09","date_gmt":"2020-09-28T10:27:09","guid":{"rendered":"https:\/\/www.nubeocho.com?post_type=product&#038;p=14205"},"modified":"2021-12-16T17:01:03","modified_gmt":"2021-12-16T16:01:03","slug":"la-burreta-baldomera","status":"publish","type":"product","link":"https:\/\/www.nubeocho.com\/ca\/producte\/la-burreta-baldomera\/","title":{"rendered":"La burreta Baldomera"},"content":{"rendered":"<p>La hist\u00f2ria de la burreta Baldomera ha fet la volta al m\u00f3n. M\u00e9s de cinquanta milions de persones coneixen la seva hist\u00f2ria.<br \/>\nLa burreta no va poder veure al seu amo durant el confinament de la<br \/>\nCOVID-19. En retrobar-se despr\u00e9s de tres llargs mesos, es va gravar un v\u00eddeo que ens va commoure i que es va fer viral. La burreta Baldomera es va posar a plorar quan per fi va veure al seu amo.<br \/>\nInspirada en fets reals.<\/p>\n","protected":false},"excerpt":{"rendered":"<p>La hist\u00f2ria que ha commogut a m\u00e9s de cinquanta milions de persones. La burreta Baldomera est\u00e0 molt trista. On \u00e9s el seu millor amic?<\/p>\n","protected":false},"featured_media":14206,"template":"","meta":[],"product_brand":[],"product_cat":[696,697],"product_tag":[1604],"class_list":{"0":"post-14205","1":"product","2":"type-product","3":"status-publish","4":"has-post-thumbnail","6":"colecciones-colleccio-som8","7":"edades-3-ca","8":"product_cat-cataleg","9":"product_cat-llibre-illustrat","10":"product_tag-amistat","12":"first","13":"instock","14":"product-type-simple"},"acf":[],"_links":{"self":[{"href":"https:\/\/www.nubeocho.com\/ca\/wp-json\/wp\/v2\/product\/14205","targetHints":{"allow":["GET"]}}],"collection":[{"href":"https:\/\/www.nubeocho.com\/ca\/wp-json\/wp\/v2\/product"}],"about":[{"href":"https:\/\/www.nubeocho.com\/ca\/wp-json\/wp\/v2\/types\/product"}],"wp:featuredmedia":[{"embeddable":true,"href":"https:\/\/www.nubeocho.com\/ca\/wp-json\/wp\/v2\/media\/14206"}],"wp:attachment":[{"href":"https:\/\/www.nubeocho.com\/ca\/wp-json\/wp\/v2\/media?parent=14205"}],"wp:term":[{"taxonomy":"product_brand","embeddable":true,"href":"https:\/\/www.nubeocho.com\/ca\/wp-json\/wp\/v2\/product_brand?post=14205"},{"taxonomy":"product_cat","embeddable":true,"href":"https:\/\/www.nubeocho.com\/ca\/wp-json\/wp\/v2\/product_cat?post=14205"},{"taxonomy":"product_tag","embeddable":true,"href":"https:\/\/www.nubeocho.com\/ca\/wp-json\/wp\/v2\/product_tag?post=14205"}],"curies":[{"name":"wp","href":"https:\/\/api.w.org\/{rel}","templated":true}]}}