{"id":14130,"date":"2021-11-02T13:23:59","date_gmt":"2021-11-02T12:23:59","guid":{"rendered":"https:\/\/www.nubeocho.com?post_type=product&#038;p=14130"},"modified":"2025-10-29T10:13:37","modified_gmt":"2025-10-29T09:13:37","slug":"dues-tortugues-i-un-barret","status":"publish","type":"product","link":"https:\/\/www.nubeocho.com\/ca\/producte\/dues-tortugues-i-un-barret\/","title":{"rendered":"Dues tortugues i un barret"},"content":{"rendered":"<p>Dues tortugues troben un barret, per\u00f2 elles en s\u00f3n dues i de barret nom\u00e9s n\u2019hi ha un&#8230; Amb un brillant sentit de l&#8217;humor, Klassen ens narra una hist\u00f2ria en qu\u00e8 les mirades de les tortugues en s\u00f3n les protagonistes.<\/p>\n","protected":false},"excerpt":{"rendered":"<p>El best-seller amb m\u00faltiples premis <em>We Found a Hat<\/em>, tercer lliurament de la trilogia del barret de Jon Klassen, ara en catal\u00e0! La simplicitat dels relats del guardonat autor torna a sorprendre&#8217;ns amb un inesperat gir final.<\/p>\n","protected":false},"featured_media":14131,"template":"","meta":[],"product_brand":[],"product_cat":[696,697],"product_tag":[1604,1632],"class_list":{"0":"post-14130","1":"product","2":"type-product","3":"status-publish","4":"has-post-thumbnail","6":"colecciones-colleccio-som8","7":"edades-3-ca","8":"product_cat-cataleg","9":"product_cat-llibre-illustrat","10":"product_tag-amistat","11":"product_tag-humor-ca","13":"first","14":"instock","15":"taxable","16":"shipping-taxable","17":"product-type-simple"},"acf":[],"_links":{"self":[{"href":"https:\/\/www.nubeocho.com\/ca\/wp-json\/wp\/v2\/product\/14130","targetHints":{"allow":["GET"]}}],"collection":[{"href":"https:\/\/www.nubeocho.com\/ca\/wp-json\/wp\/v2\/product"}],"about":[{"href":"https:\/\/www.nubeocho.com\/ca\/wp-json\/wp\/v2\/types\/product"}],"wp:featuredmedia":[{"embeddable":true,"href":"https:\/\/www.nubeocho.com\/ca\/wp-json\/wp\/v2\/media\/14131"}],"wp:attachment":[{"href":"https:\/\/www.nubeocho.com\/ca\/wp-json\/wp\/v2\/media?parent=14130"}],"wp:term":[{"taxonomy":"product_brand","embeddable":true,"href":"https:\/\/www.nubeocho.com\/ca\/wp-json\/wp\/v2\/product_brand?post=14130"},{"taxonomy":"product_cat","embeddable":true,"href":"https:\/\/www.nubeocho.com\/ca\/wp-json\/wp\/v2\/product_cat?post=14130"},{"taxonomy":"product_tag","embeddable":true,"href":"https:\/\/www.nubeocho.com\/ca\/wp-json\/wp\/v2\/product_tag?post=14130"}],"curies":[{"name":"wp","href":"https:\/\/api.w.org\/{rel}","templated":true}]}}