{"id":14082,"date":"2021-10-25T14:23:52","date_gmt":"2021-10-25T12:23:52","guid":{"rendered":"https:\/\/www.nubeocho.com?post_type=product&#038;p=14082"},"modified":"2022-03-30T14:20:02","modified_gmt":"2022-03-30T12:20:02","slug":"el-meu-primer-emocionometre","status":"publish","type":"product","link":"https:\/\/www.nubeocho.com\/ca\/producte\/el-meu-primer-emocionometre\/","title":{"rendered":"El meu primer Emocion\u00f2metre"},"content":{"rendered":"<p>L&#8217;inspector Dril i els emis ens ajudaran a identificar les emocions b\u00e0siques utilitzant el seu fam\u00f3s invent: l\u2019emocion\u00f2metre. Gira la roda per a assenyalar l&#8217;emoci\u00f3 que sents i indica \u201cpoc\u201d o \u201cmolt\u201d.<\/p>\n","protected":false},"excerpt":{"rendered":"<p>Ja \u00e9s aqu\u00ed la versi\u00f3 de cart\u00f3 de l\u2019EMOCION\u00d2METRE DE L&#8217;INSPECTOR DRIL per als m\u00e9s petits! Simplificat i adaptat! Apr\u00e8n a identificar i a mesurar les teves emocions d&#8217;una forma senzilla i divertida. De la m\u00e0 de la reconeguda autora i psic\u00f2loga Susanna Isern.<\/p>\n","protected":false},"featured_media":14779,"template":"","meta":[],"product_brand":[],"product_cat":[696,1154],"product_tag":[1647,1620,1644],"class_list":{"0":"post-14082","1":"product","2":"type-product","3":"status-publish","4":"has-post-thumbnail","6":"colecciones-nuvol-de-cartro","7":"edades-0-cat","8":"product_cat-cataleg","9":"product_cat-llibre-de-cartro","10":"product_tag-cartro","11":"product_tag-emocions","12":"product_tag-per-reflexionar","14":"first","15":"instock","16":"taxable","17":"shipping-taxable","18":"product-type-simple"},"acf":[],"_links":{"self":[{"href":"https:\/\/www.nubeocho.com\/ca\/wp-json\/wp\/v2\/product\/14082","targetHints":{"allow":["GET"]}}],"collection":[{"href":"https:\/\/www.nubeocho.com\/ca\/wp-json\/wp\/v2\/product"}],"about":[{"href":"https:\/\/www.nubeocho.com\/ca\/wp-json\/wp\/v2\/types\/product"}],"wp:featuredmedia":[{"embeddable":true,"href":"https:\/\/www.nubeocho.com\/ca\/wp-json\/wp\/v2\/media\/14779"}],"wp:attachment":[{"href":"https:\/\/www.nubeocho.com\/ca\/wp-json\/wp\/v2\/media?parent=14082"}],"wp:term":[{"taxonomy":"product_brand","embeddable":true,"href":"https:\/\/www.nubeocho.com\/ca\/wp-json\/wp\/v2\/product_brand?post=14082"},{"taxonomy":"product_cat","embeddable":true,"href":"https:\/\/www.nubeocho.com\/ca\/wp-json\/wp\/v2\/product_cat?post=14082"},{"taxonomy":"product_tag","embeddable":true,"href":"https:\/\/www.nubeocho.com\/ca\/wp-json\/wp\/v2\/product_tag?post=14082"}],"curies":[{"name":"wp","href":"https:\/\/api.w.org\/{rel}","templated":true}]}}