{"id":14022,"date":"2020-10-19T16:57:22","date_gmt":"2020-10-19T14:57:22","guid":{"rendered":"https:\/\/www.nubeocho.com?post_type=product&#038;p=14022"},"modified":"2023-07-24T10:16:46","modified_gmt":"2023-07-24T08:16:46","slug":"qui-sha-menjat-la-meva-fruita","status":"publish","type":"product","link":"https:\/\/www.nubeocho.com\/ca\/producte\/qui-sha-menjat-la-meva-fruita\/","title":{"rendered":"QUI S\u2019HA MENJAT LA MEVA FRUITA?"},"content":{"rendered":"<p>El gat t\u00e9 molta gana. Li ve de gust menjar-se una pe\u00e7a de fruita, per\u00f2 no t\u00e9 gaire clar quina vol. Potser una pera? O una maduixa? No, millor un pl\u00e0tan\u2026 Per\u00f2 aviat descobreix que els seus amics s&#8217;han menjat tota la fruita. Qu\u00e8 berenar\u00e0 avui el gat?<\/p>\n<p>Destapa les solapes d&#8217;aquest llibre per descobrir qui s&#8217;ha menjat la fruita del gat!<\/p>\n","protected":false},"excerpt":{"rendered":"<p>El gat vol menjar una pe\u00e7a de fruita per a berenar, per\u00f2 sembla que els seus amics se li han avan\u00e7at. Quina sorpresa li tindran preparada per compensar-lo?<\/p>\n","protected":false},"featured_media":14033,"template":"","meta":[],"product_brand":[],"product_cat":[696,1154],"product_tag":[1647],"class_list":{"0":"post-14022","1":"product","2":"type-product","3":"status-publish","4":"has-post-thumbnail","6":"colecciones-nuvol-de-cartro","7":"edades-2-ca","8":"product_cat-cataleg","9":"product_cat-llibre-de-cartro","10":"product_tag-cartro","12":"first","13":"instock","14":"product-type-simple"},"acf":[],"_links":{"self":[{"href":"https:\/\/www.nubeocho.com\/ca\/wp-json\/wp\/v2\/product\/14022","targetHints":{"allow":["GET"]}}],"collection":[{"href":"https:\/\/www.nubeocho.com\/ca\/wp-json\/wp\/v2\/product"}],"about":[{"href":"https:\/\/www.nubeocho.com\/ca\/wp-json\/wp\/v2\/types\/product"}],"wp:featuredmedia":[{"embeddable":true,"href":"https:\/\/www.nubeocho.com\/ca\/wp-json\/wp\/v2\/media\/14033"}],"wp:attachment":[{"href":"https:\/\/www.nubeocho.com\/ca\/wp-json\/wp\/v2\/media?parent=14022"}],"wp:term":[{"taxonomy":"product_brand","embeddable":true,"href":"https:\/\/www.nubeocho.com\/ca\/wp-json\/wp\/v2\/product_brand?post=14022"},{"taxonomy":"product_cat","embeddable":true,"href":"https:\/\/www.nubeocho.com\/ca\/wp-json\/wp\/v2\/product_cat?post=14022"},{"taxonomy":"product_tag","embeddable":true,"href":"https:\/\/www.nubeocho.com\/ca\/wp-json\/wp\/v2\/product_tag?post=14022"}],"curies":[{"name":"wp","href":"https:\/\/api.w.org\/{rel}","templated":true}]}}