{"id":13950,"date":"2016-03-21T14:42:07","date_gmt":"2016-03-21T13:42:07","guid":{"rendered":"https:\/\/www.nubeocho.com?post_type=product&#038;p=13950"},"modified":"2021-11-12T16:28:17","modified_gmt":"2021-11-12T15:28:17","slug":"si-us-plau-senyor-panda","status":"publish","type":"product","link":"https:\/\/www.nubeocho.com\/ca\/producte\/si-us-plau-senyor-panda\/","title":{"rendered":"Si us plau, Senyor Panda"},"content":{"rendered":"<p>El senyor Panda pregunta a diversos animals si els ve de gust una rosquilla. Tots responen que s\u00ed amb entusiasme, per\u00f2 no diuen SI US PLAU ni GR\u00c0CIES. Es mereixeran una rosquilla?<\/p>\n<p>La import\u00e0ncia del SI US PLAU i GR\u00c0CIES. De Steve Antony, la jove promesa de la literatura infantil brit\u00e0nica.<\/p>\n","protected":false},"excerpt":{"rendered":"<p>El senyor Panda pregunta a diversos animals si els ve de gust una rosquilla. Tots responen que s\u00ed amb entusiasme, per\u00f2 no diuen SI US PLAU ni GR\u00c0CIES. Es mereixeran una rosquilla? La import\u00e0ncia del SI US PLAU i GR\u00c0CIES. De Steve Antony, la jove promesa de la literatura infantil brit\u00e0nica.<\/p>\n","protected":false},"featured_media":13951,"template":"","meta":[],"product_brand":[],"product_cat":[696,697],"product_tag":[1605],"class_list":{"0":"post-13950","1":"product","2":"type-product","3":"status-publish","4":"has-post-thumbnail","6":"colecciones-colleccio-som8","7":"edades-2-ca","8":"product_cat-cataleg","9":"product_cat-llibre-illustrat","10":"product_tag-autors-internacionals","12":"first","13":"instock","14":"product-type-simple"},"acf":[],"_links":{"self":[{"href":"https:\/\/www.nubeocho.com\/ca\/wp-json\/wp\/v2\/product\/13950","targetHints":{"allow":["GET"]}}],"collection":[{"href":"https:\/\/www.nubeocho.com\/ca\/wp-json\/wp\/v2\/product"}],"about":[{"href":"https:\/\/www.nubeocho.com\/ca\/wp-json\/wp\/v2\/types\/product"}],"wp:featuredmedia":[{"embeddable":true,"href":"https:\/\/www.nubeocho.com\/ca\/wp-json\/wp\/v2\/media\/13951"}],"wp:attachment":[{"href":"https:\/\/www.nubeocho.com\/ca\/wp-json\/wp\/v2\/media?parent=13950"}],"wp:term":[{"taxonomy":"product_brand","embeddable":true,"href":"https:\/\/www.nubeocho.com\/ca\/wp-json\/wp\/v2\/product_brand?post=13950"},{"taxonomy":"product_cat","embeddable":true,"href":"https:\/\/www.nubeocho.com\/ca\/wp-json\/wp\/v2\/product_cat?post=13950"},{"taxonomy":"product_tag","embeddable":true,"href":"https:\/\/www.nubeocho.com\/ca\/wp-json\/wp\/v2\/product_tag?post=13950"}],"curies":[{"name":"wp","href":"https:\/\/api.w.org\/{rel}","templated":true}]}}