{"id":13903,"date":"2014-11-10T12:17:32","date_gmt":"2014-11-10T11:17:32","guid":{"rendered":"https:\/\/www.nubeocho.com?post_type=product&#038;p=13903"},"modified":"2021-11-18T10:38:21","modified_gmt":"2021-11-18T09:38:21","slug":"el-gos-negre","status":"publish","type":"product","link":"https:\/\/www.nubeocho.com\/ca\/producte\/el-gos-negre\/","title":{"rendered":"El gos negre"},"content":{"rendered":"<p>Heu sentit a parlar del Gos Negre? Explica la llegenda que nom\u00e9s per mirar a aquesta esgarrifosa criatura es desencadenarien fets terribles\u2026<\/p>\n<p>Qui podria culpabilitzar a la fam\u00edlia Esperan\u00e7a per tenir p\u00e0nic quan el Gos Negre se&#8217;ls apareix davant de casa?<\/p>\n<p>Aquesta \u00e9s una hist\u00f2ria sobre tenir por. I tamb\u00e9 \u00e9s una hist\u00f2ria sobre no tenir-ne. Tot dep\u00e8n de com es miri. Premi Kate Greenaway 2013. Premi Kiriko 2014.<\/p>\n","protected":false},"excerpt":{"rendered":"<p>Aquesta \u00e9s una hist\u00f2ria sobre tenir por. I tamb\u00e9 \u00e9s una hist\u00f2ria sobre no tenir-ne. Premi Kiriko 2014.<\/p>\n","protected":false},"featured_media":13905,"template":"","meta":[],"product_brand":[],"product_cat":[696,697],"product_tag":[1638],"class_list":{"0":"post-13903","1":"product","2":"type-product","3":"status-publish","4":"has-post-thumbnail","6":"colecciones-nubeclassics-ca","7":"edades-4-ca","8":"product_cat-cataleg","9":"product_cat-llibre-illustrat","10":"product_tag-pors","12":"first","13":"instock","14":"product-type-simple"},"acf":[],"_links":{"self":[{"href":"https:\/\/www.nubeocho.com\/ca\/wp-json\/wp\/v2\/product\/13903","targetHints":{"allow":["GET"]}}],"collection":[{"href":"https:\/\/www.nubeocho.com\/ca\/wp-json\/wp\/v2\/product"}],"about":[{"href":"https:\/\/www.nubeocho.com\/ca\/wp-json\/wp\/v2\/types\/product"}],"wp:featuredmedia":[{"embeddable":true,"href":"https:\/\/www.nubeocho.com\/ca\/wp-json\/wp\/v2\/media\/13905"}],"wp:attachment":[{"href":"https:\/\/www.nubeocho.com\/ca\/wp-json\/wp\/v2\/media?parent=13903"}],"wp:term":[{"taxonomy":"product_brand","embeddable":true,"href":"https:\/\/www.nubeocho.com\/ca\/wp-json\/wp\/v2\/product_brand?post=13903"},{"taxonomy":"product_cat","embeddable":true,"href":"https:\/\/www.nubeocho.com\/ca\/wp-json\/wp\/v2\/product_cat?post=13903"},{"taxonomy":"product_tag","embeddable":true,"href":"https:\/\/www.nubeocho.com\/ca\/wp-json\/wp\/v2\/product_tag?post=13903"}],"curies":[{"name":"wp","href":"https:\/\/api.w.org\/{rel}","templated":true}]}}