{"id":13875,"date":"2021-10-18T11:10:21","date_gmt":"2021-10-18T09:10:21","guid":{"rendered":"https:\/\/www.nubeocho.com?post_type=product&#038;p=13875"},"modified":"2023-01-30T10:14:30","modified_gmt":"2023-01-30T09:14:30","slug":"el-paraigua-de-la-zebra","status":"publish","type":"product","link":"https:\/\/www.nubeocho.com\/ca\/producte\/el-paraigua-de-la-zebra\/","title":{"rendered":"El paraigua de la Zebra"},"content":{"rendered":"<p class=\"ql-align-justify\">Quan comencen a caure les primeres gotes de pluja, la zebra obre el seu paraigua de colors. Convida a la gasela, al rinoceront, l\u2019elefanta i la llebre a aixoplugar-se perqu\u00e8 no es mullin. El lle\u00f3 tampoc vol mullar-se. Hi haur\u00e0 lloc per a tots sota el paraigua de la zebra?<\/p>\n","protected":false},"excerpt":{"rendered":"<p>El paraigua de la zebra \u00e9s m\u00e9s gran del que sembla. Quan comen\u00e7a a ploure, s\u00f3n molts els animals que volen aixoplugar-se amb ella.Hi haur\u00e0 lloc per a tots els seus amics?<\/p>\n","protected":false},"featured_media":14894,"template":"","meta":[],"product_brand":[],"product_cat":[696,697],"product_tag":[1604],"class_list":{"0":"post-13875","1":"product","2":"type-product","3":"status-publish","4":"has-post-thumbnail","6":"colecciones-colleccio-som8","7":"edades-3-ca","8":"product_cat-cataleg","9":"product_cat-llibre-illustrat","10":"product_tag-amistat","12":"first","13":"instock","14":"taxable","15":"shipping-taxable","16":"product-type-simple"},"acf":[],"_links":{"self":[{"href":"https:\/\/www.nubeocho.com\/ca\/wp-json\/wp\/v2\/product\/13875","targetHints":{"allow":["GET"]}}],"collection":[{"href":"https:\/\/www.nubeocho.com\/ca\/wp-json\/wp\/v2\/product"}],"about":[{"href":"https:\/\/www.nubeocho.com\/ca\/wp-json\/wp\/v2\/types\/product"}],"wp:featuredmedia":[{"embeddable":true,"href":"https:\/\/www.nubeocho.com\/ca\/wp-json\/wp\/v2\/media\/14894"}],"wp:attachment":[{"href":"https:\/\/www.nubeocho.com\/ca\/wp-json\/wp\/v2\/media?parent=13875"}],"wp:term":[{"taxonomy":"product_brand","embeddable":true,"href":"https:\/\/www.nubeocho.com\/ca\/wp-json\/wp\/v2\/product_brand?post=13875"},{"taxonomy":"product_cat","embeddable":true,"href":"https:\/\/www.nubeocho.com\/ca\/wp-json\/wp\/v2\/product_cat?post=13875"},{"taxonomy":"product_tag","embeddable":true,"href":"https:\/\/www.nubeocho.com\/ca\/wp-json\/wp\/v2\/product_tag?post=13875"}],"curies":[{"name":"wp","href":"https:\/\/api.w.org\/{rel}","templated":true}]}}