{"id":13847,"date":"2021-10-11T09:53:33","date_gmt":"2021-10-11T07:53:33","guid":{"rendered":"https:\/\/www.nubeocho.com?post_type=product&#038;p=13847"},"modified":"2022-10-27T08:48:58","modified_gmt":"2022-10-27T06:48:58","slug":"el-teu-cos-es-teu","status":"publish","type":"product","link":"https:\/\/www.nubeocho.com\/ca\/producte\/el-teu-cos-es-teu\/","title":{"rendered":"El teu cos \u00e9s teu"},"content":{"rendered":"<p class=\"ql-align-justify\">Luc\u00eda Serrano en <em>El teu cos \u00e9s teu<\/em>, amb ajuda i assessorament d&#8217;especialistes, parla de sexualitat i de prevenci\u00f3 d&#8217;abusos a nens i nenes amb un llenguatge senzill i directe. Un llibre imprescindible.<\/p>\n","protected":false},"excerpt":{"rendered":"<p>Un llibre per parlar de sexualitat als m\u00e9s petits i abordar el tema dels l\u00edmits i de la prevenci\u00f3 d&#8217;abusos i de contactes no desitjats.<\/p>\n","protected":false},"featured_media":14775,"template":"","meta":[],"product_brand":[],"product_cat":[696,697],"product_tag":[1629,1644],"class_list":{"0":"post-13847","1":"product","2":"type-product","3":"status-publish","4":"has-post-thumbnail","6":"colecciones-colleccio-som8","7":"edades-4-ca","8":"product_cat-cataleg","9":"product_cat-llibre-illustrat","10":"product_tag-grans-exits-els-mes-venuts","11":"product_tag-per-reflexionar","13":"first","14":"instock","15":"taxable","16":"shipping-taxable","17":"product-type-simple"},"acf":[],"_links":{"self":[{"href":"https:\/\/www.nubeocho.com\/ca\/wp-json\/wp\/v2\/product\/13847","targetHints":{"allow":["GET"]}}],"collection":[{"href":"https:\/\/www.nubeocho.com\/ca\/wp-json\/wp\/v2\/product"}],"about":[{"href":"https:\/\/www.nubeocho.com\/ca\/wp-json\/wp\/v2\/types\/product"}],"wp:featuredmedia":[{"embeddable":true,"href":"https:\/\/www.nubeocho.com\/ca\/wp-json\/wp\/v2\/media\/14775"}],"wp:attachment":[{"href":"https:\/\/www.nubeocho.com\/ca\/wp-json\/wp\/v2\/media?parent=13847"}],"wp:term":[{"taxonomy":"product_brand","embeddable":true,"href":"https:\/\/www.nubeocho.com\/ca\/wp-json\/wp\/v2\/product_brand?post=13847"},{"taxonomy":"product_cat","embeddable":true,"href":"https:\/\/www.nubeocho.com\/ca\/wp-json\/wp\/v2\/product_cat?post=13847"},{"taxonomy":"product_tag","embeddable":true,"href":"https:\/\/www.nubeocho.com\/ca\/wp-json\/wp\/v2\/product_tag?post=13847"}],"curies":[{"name":"wp","href":"https:\/\/api.w.org\/{rel}","templated":true}]}}