{"id":13615,"date":"2018-04-09T10:33:21","date_gmt":"2018-04-09T09:24:25","guid":{"rendered":"https:\/\/www.nubeocho.com?post_type=product&#038;p=13615"},"modified":"2022-03-01T10:17:36","modified_gmt":"2022-03-01T09:17:36","slug":"gilda-lovella-gegant","status":"publish","type":"product","link":"https:\/\/www.nubeocho.com\/ca\/producte\/gilda-lovella-gegant\/","title":{"rendered":"Gilda, l&#8217;ovella gegant"},"content":{"rendered":"<p>La Gilda, l&#8217;ovella gegant, s&#8217;escapa de la muntanya en qu\u00e8 viu. En arribar a la gran ciutat, viur\u00e0 una incre\u00efble aventura. Per\u00f2 trobar\u00e0 la Gilda una nova llar?<\/p>\n<p><em>Gilda, l&#8217;ovella gegant<\/em> es va publicar fa vint-i-cinc anys a Alemanya, Holanda i It\u00e0lia. Emilio Urberuaga ha revisitat la hist\u00f2ria sent fidel a l&#8217;original.<br \/>\nEn el seu 25\u00e8 aniversari, Gilda, l&#8217;ovella gegant es publica per primera vegada en catal\u00e0.<\/p>\n","protected":false},"excerpt":{"rendered":"<p>En el seu <strong>25\u00e8 aniversari,<\/strong> <em>Gilda, l&#8217;ovella gegant<\/em> es publica per primera vegada en catal\u00e0.<\/p>\n","protected":false},"featured_media":13616,"template":"","meta":[],"product_brand":[],"product_cat":[696,697],"product_tag":[1604,1614],"class_list":{"0":"post-13615","1":"product","2":"type-product","3":"status-publish","4":"has-post-thumbnail","6":"colecciones-colleccio-som8","7":"edades-4-ca","8":"product_cat-cataleg","9":"product_cat-llibre-illustrat","10":"product_tag-amistat","11":"product_tag-diversitat","13":"first","14":"instock","15":"product-type-simple"},"acf":[],"_links":{"self":[{"href":"https:\/\/www.nubeocho.com\/ca\/wp-json\/wp\/v2\/product\/13615","targetHints":{"allow":["GET"]}}],"collection":[{"href":"https:\/\/www.nubeocho.com\/ca\/wp-json\/wp\/v2\/product"}],"about":[{"href":"https:\/\/www.nubeocho.com\/ca\/wp-json\/wp\/v2\/types\/product"}],"wp:featuredmedia":[{"embeddable":true,"href":"https:\/\/www.nubeocho.com\/ca\/wp-json\/wp\/v2\/media\/13616"}],"wp:attachment":[{"href":"https:\/\/www.nubeocho.com\/ca\/wp-json\/wp\/v2\/media?parent=13615"}],"wp:term":[{"taxonomy":"product_brand","embeddable":true,"href":"https:\/\/www.nubeocho.com\/ca\/wp-json\/wp\/v2\/product_brand?post=13615"},{"taxonomy":"product_cat","embeddable":true,"href":"https:\/\/www.nubeocho.com\/ca\/wp-json\/wp\/v2\/product_cat?post=13615"},{"taxonomy":"product_tag","embeddable":true,"href":"https:\/\/www.nubeocho.com\/ca\/wp-json\/wp\/v2\/product_tag?post=13615"}],"curies":[{"name":"wp","href":"https:\/\/api.w.org\/{rel}","templated":true}]}}