{"id":13445,"date":"2018-10-08T10:32:19","date_gmt":"2018-01-08T09:32:19","guid":{"rendered":"https:\/\/www.nubeocho.com?post_type=product&#038;p=13445"},"modified":"2024-12-17T11:51:59","modified_gmt":"2024-12-17T10:51:59","slug":"adoptem-un-dinosaure","status":"publish","type":"product","link":"https:\/\/www.nubeocho.com\/ca\/producte\/adoptem-un-dinosaure\/","title":{"rendered":"Adoptem un dinosaure!"},"content":{"rendered":"<p>L&#8217;Ale vol un animal de companyia: un gos, un gat, una gallina, un elefant\u2026 Per\u00f2 els seus pares NO volen animals a casa.<\/p>\n<p>Un dia, la nena es troba un ou gegant\u00ed al parc i se l&#8217;end\u00fa a casa, el cuida, l&#8217;abar\u00e7a. Quan l&#8217;ou es trenca\u2026<\/p>\n","protected":false},"excerpt":{"rendered":"<p>\u00c9s senzill tenir un dinosaure? Vet aqu\u00ed la hist\u00f2ria de l&#8217;Ale i el seu saltasaure. Qu\u00e8 pensar\u00e0 la gent quan el coneguin?<\/p>\n","protected":false},"featured_media":13446,"template":"","meta":[],"product_brand":[],"product_cat":[696,697],"product_tag":[1604,1626,1632],"class_list":{"0":"post-13445","1":"product","2":"type-product","3":"status-publish","4":"has-post-thumbnail","6":"colecciones-colleccio-som8","7":"edades-3-ca","8":"product_cat-cataleg","9":"product_cat-llibre-illustrat","10":"product_tag-amistat","11":"product_tag-familia-ca","12":"product_tag-humor-ca","14":"first","15":"instock","16":"product-type-simple"},"acf":[],"_links":{"self":[{"href":"https:\/\/www.nubeocho.com\/ca\/wp-json\/wp\/v2\/product\/13445","targetHints":{"allow":["GET"]}}],"collection":[{"href":"https:\/\/www.nubeocho.com\/ca\/wp-json\/wp\/v2\/product"}],"about":[{"href":"https:\/\/www.nubeocho.com\/ca\/wp-json\/wp\/v2\/types\/product"}],"wp:featuredmedia":[{"embeddable":true,"href":"https:\/\/www.nubeocho.com\/ca\/wp-json\/wp\/v2\/media\/13446"}],"wp:attachment":[{"href":"https:\/\/www.nubeocho.com\/ca\/wp-json\/wp\/v2\/media?parent=13445"}],"wp:term":[{"taxonomy":"product_brand","embeddable":true,"href":"https:\/\/www.nubeocho.com\/ca\/wp-json\/wp\/v2\/product_brand?post=13445"},{"taxonomy":"product_cat","embeddable":true,"href":"https:\/\/www.nubeocho.com\/ca\/wp-json\/wp\/v2\/product_cat?post=13445"},{"taxonomy":"product_tag","embeddable":true,"href":"https:\/\/www.nubeocho.com\/ca\/wp-json\/wp\/v2\/product_tag?post=13445"}],"curies":[{"name":"wp","href":"https:\/\/api.w.org\/{rel}","templated":true}]}}