{"id":13401,"date":"2018-10-15T15:58:48","date_gmt":"2018-10-15T07:04:17","guid":{"rendered":"https:\/\/www.nubeocho.com?post_type=product&#038;p=13401"},"modified":"2021-12-14T14:22:56","modified_gmt":"2021-12-14T13:22:56","slug":"el-meu-os-gran-el-meu-os-petit-i-jo","status":"publish","type":"product","link":"https:\/\/www.nubeocho.com\/ca\/producte\/el-meu-os-gran-el-meu-os-petit-i-jo\/","title":{"rendered":"El meu \u00f3s gran, el meu \u00f3s petit i jo"},"content":{"rendered":"<p>\u00c9s bo tenir un \u00f3s, per\u00f2 la protagonista d&#8217;aquesta hist\u00f2ria en t\u00e9 dos: el gran posseeix la for\u00e7a d&#8217;un gegant i el petit \u00e9s suau com el cot\u00f3.<\/p>\n<p>Acompanya a la nostra protagonista al llarg del seu divertit dia de la m\u00e0 del seus dos \u00f3ssos.<\/p>\n","protected":false},"excerpt":{"rendered":"<p class=\"datos\">Una po\u00e8tica hist\u00f2ria dedicada al pare.<\/p>\n","protected":false},"featured_media":2612,"template":"","meta":[],"product_brand":[],"product_cat":[696,697],"product_tag":[1626],"class_list":{"0":"post-13401","1":"product","2":"type-product","3":"status-publish","4":"has-post-thumbnail","6":"colecciones-colleccio-som8","7":"edades-3-ca","8":"product_cat-cataleg","9":"product_cat-llibre-illustrat","10":"product_tag-familia-ca","12":"first","13":"instock","14":"product-type-simple"},"acf":[],"_links":{"self":[{"href":"https:\/\/www.nubeocho.com\/ca\/wp-json\/wp\/v2\/product\/13401","targetHints":{"allow":["GET"]}}],"collection":[{"href":"https:\/\/www.nubeocho.com\/ca\/wp-json\/wp\/v2\/product"}],"about":[{"href":"https:\/\/www.nubeocho.com\/ca\/wp-json\/wp\/v2\/types\/product"}],"wp:featuredmedia":[{"embeddable":true,"href":"https:\/\/www.nubeocho.com\/ca\/wp-json\/wp\/v2\/media\/2612"}],"wp:attachment":[{"href":"https:\/\/www.nubeocho.com\/ca\/wp-json\/wp\/v2\/media?parent=13401"}],"wp:term":[{"taxonomy":"product_brand","embeddable":true,"href":"https:\/\/www.nubeocho.com\/ca\/wp-json\/wp\/v2\/product_brand?post=13401"},{"taxonomy":"product_cat","embeddable":true,"href":"https:\/\/www.nubeocho.com\/ca\/wp-json\/wp\/v2\/product_cat?post=13401"},{"taxonomy":"product_tag","embeddable":true,"href":"https:\/\/www.nubeocho.com\/ca\/wp-json\/wp\/v2\/product_tag?post=13401"}],"curies":[{"name":"wp","href":"https:\/\/api.w.org\/{rel}","templated":true}]}}