{"id":13315,"date":"2021-09-27T09:17:40","date_gmt":"2021-09-27T07:23:43","guid":{"rendered":"https:\/\/www.nubeocho.com?post_type=product&#038;p=13315"},"modified":"2021-10-27T13:55:25","modified_gmt":"2021-10-27T11:55:25","slug":"el-somni-de-la-claudia","status":"publish","type":"product","link":"https:\/\/www.nubeocho.com\/ca\/producte\/el-somni-de-la-claudia\/","title":{"rendered":"El somni de la Cl\u00e0udia"},"content":{"rendered":"<p>L\u2019elefanteta Cl\u00e0udia troba una ll\u00e0ntia m\u00e0gica, la frega i apareix un geni. Un moment, i si fos una geni? La Cl\u00e0udia viur\u00e0 una gran aventura en qu\u00e8 coneixer\u00e0 a un drac, a un extraterrestre, a un dinosaure\u2026 Per\u00f2, un moment! I si en realitat fossin una drac, una extraterrestre i una dinosaure?<\/p>\n","protected":false},"excerpt":{"rendered":"<p>Un \u00e0lbum il\u00b7lustrat que q\u00fcestiona els estereotips i reivindica la representaci\u00f3 de la dona en la literatura infantil. Encara no hi ha prou elefantes, ni dracs o dinosaures femenins.<\/p>\n","protected":false},"featured_media":13323,"template":"","meta":[],"product_brand":[],"product_cat":[696,697],"product_tag":[1614,1635,1644],"class_list":{"0":"post-13315","1":"product","2":"type-product","3":"status-publish","4":"has-post-thumbnail","6":"colecciones-egalite-ca","7":"edades-4-ca","8":"product_cat-cataleg","9":"product_cat-llibre-illustrat","10":"product_tag-diversitat","11":"product_tag-igualtat-feminisme","12":"product_tag-per-reflexionar","14":"first","15":"instock","16":"taxable","17":"shipping-taxable","18":"product-type-simple"},"acf":[],"_links":{"self":[{"href":"https:\/\/www.nubeocho.com\/ca\/wp-json\/wp\/v2\/product\/13315","targetHints":{"allow":["GET"]}}],"collection":[{"href":"https:\/\/www.nubeocho.com\/ca\/wp-json\/wp\/v2\/product"}],"about":[{"href":"https:\/\/www.nubeocho.com\/ca\/wp-json\/wp\/v2\/types\/product"}],"wp:featuredmedia":[{"embeddable":true,"href":"https:\/\/www.nubeocho.com\/ca\/wp-json\/wp\/v2\/media\/13323"}],"wp:attachment":[{"href":"https:\/\/www.nubeocho.com\/ca\/wp-json\/wp\/v2\/media?parent=13315"}],"wp:term":[{"taxonomy":"product_brand","embeddable":true,"href":"https:\/\/www.nubeocho.com\/ca\/wp-json\/wp\/v2\/product_brand?post=13315"},{"taxonomy":"product_cat","embeddable":true,"href":"https:\/\/www.nubeocho.com\/ca\/wp-json\/wp\/v2\/product_cat?post=13315"},{"taxonomy":"product_tag","embeddable":true,"href":"https:\/\/www.nubeocho.com\/ca\/wp-json\/wp\/v2\/product_tag?post=13315"}],"curies":[{"name":"wp","href":"https:\/\/api.w.org\/{rel}","templated":true}]}}