{"id":13294,"date":"2021-09-13T08:56:11","date_gmt":"2021-09-13T07:01:26","guid":{"rendered":"https:\/\/www.nubeocho.com?post_type=product&#038;p=13294"},"modified":"2023-07-25T09:30:00","modified_gmt":"2023-07-25T07:30:00","slug":"el-ratpenat","status":"publish","type":"product","link":"https:\/\/www.nubeocho.com\/ca\/producte\/el-ratpenat\/","title":{"rendered":"El ratpenat"},"content":{"rendered":"<p>Els ratpenats s\u00f3n els \u00fanics mam\u00edfers que saben volar i, contr\u00e0riament a l&#8217;opini\u00f3 que se\u2019n t\u00e9, prefereixen menjar-se una mosca a xuclar sang humana. A m\u00e9s a m\u00e9s, s\u00f3n molt importants per a la natura i els necessitem, aix\u00ed que cal protegir-los. Si te\u2019n trobes un, deixa\u2019l dormir tranquil.<\/p>\n","protected":false},"excerpt":{"rendered":"<p>A la col\u00b7lecci\u00f3 \u201cBestioles\u201d trobarem a animals dels quals no se sol parlar. Alguns diuen que s\u00f3n lletjos i altres que s\u00f3n desagradables. El poll, el cuc, el ratpenat, la rata\u2026<\/p>\n<p>Tots els detalls que sempre vas voler saber sobre aquests animals explicats amb molt d&#8217;humor per l&#8217;autora i il\u00b7lustradora mundialment reconeguda, Elise Gravel!<\/p>\n","protected":false},"featured_media":13295,"template":"","meta":[],"product_brand":[],"product_cat":[696,697],"product_tag":[1605,1632],"class_list":{"0":"post-13294","1":"product","2":"type-product","3":"status-publish","4":"has-post-thumbnail","6":"colecciones-bestioles","7":"edades-6-ca","8":"product_cat-cataleg","9":"product_cat-llibre-illustrat","10":"product_tag-autors-internacionals","11":"product_tag-humor-ca","13":"first","14":"instock","15":"taxable","16":"shipping-taxable","17":"product-type-simple"},"acf":[],"_links":{"self":[{"href":"https:\/\/www.nubeocho.com\/ca\/wp-json\/wp\/v2\/product\/13294","targetHints":{"allow":["GET"]}}],"collection":[{"href":"https:\/\/www.nubeocho.com\/ca\/wp-json\/wp\/v2\/product"}],"about":[{"href":"https:\/\/www.nubeocho.com\/ca\/wp-json\/wp\/v2\/types\/product"}],"wp:featuredmedia":[{"embeddable":true,"href":"https:\/\/www.nubeocho.com\/ca\/wp-json\/wp\/v2\/media\/13295"}],"wp:attachment":[{"href":"https:\/\/www.nubeocho.com\/ca\/wp-json\/wp\/v2\/media?parent=13294"}],"wp:term":[{"taxonomy":"product_brand","embeddable":true,"href":"https:\/\/www.nubeocho.com\/ca\/wp-json\/wp\/v2\/product_brand?post=13294"},{"taxonomy":"product_cat","embeddable":true,"href":"https:\/\/www.nubeocho.com\/ca\/wp-json\/wp\/v2\/product_cat?post=13294"},{"taxonomy":"product_tag","embeddable":true,"href":"https:\/\/www.nubeocho.com\/ca\/wp-json\/wp\/v2\/product_tag?post=13294"}],"curies":[{"name":"wp","href":"https:\/\/api.w.org\/{rel}","templated":true}]}}