{"id":13250,"date":"2021-09-13T14:09:38","date_gmt":"2021-09-13T12:16:01","guid":{"rendered":"https:\/\/www.nubeocho.com?post_type=product&#038;p=13250"},"modified":"2023-07-25T09:27:28","modified_gmt":"2023-07-25T07:27:28","slug":"el-poll","status":"publish","type":"product","link":"https:\/\/www.nubeocho.com\/ca\/producte\/el-poll\/","title":{"rendered":"El poll"},"content":{"rendered":"<p>Sabies que nom\u00e9s els humans podem tenir polls? O que aquests insectes s&#8217;alimenten de sang 5 vegades al dia? Potser coneixes el mite que prefereixen els cabells nets\u2026 no \u00e9s veritat! Apr\u00e8n com s\u00f3n, qu\u00e8 mengen, com viuen i entendr\u00e0s per qu\u00e8 quan en vegis un has\u2026 d\u2019arrencar a c\u00f3rrer!<\/p>\n","protected":false},"excerpt":{"rendered":"<p>A la col\u00b7lecci\u00f3 \u201cBestioles\u201d trobarem a animals dels quals no se sol parlar. Alguns diuen que s\u00f3n lletjos i altres que s\u00f3n desagradables. El poll, el cuc, el ratpenat, la rata\u2026<\/p>\n<p>Tots els detalls que sempre vas voler saber sobre aquests animals explicats amb molt d&#8217;humor per l&#8217;autora i il\u00b7lustradora mundialment reconeguda, Elise Gravel!<\/p>\n","protected":false},"featured_media":13251,"template":"","meta":[],"product_brand":[],"product_cat":[696,697],"product_tag":[1605,1632],"class_list":{"0":"post-13250","1":"product","2":"type-product","3":"status-publish","4":"has-post-thumbnail","6":"colecciones-bestioles","7":"edades-6-ca","8":"product_cat-cataleg","9":"product_cat-llibre-illustrat","10":"product_tag-autors-internacionals","11":"product_tag-humor-ca","13":"first","14":"instock","15":"taxable","16":"shipping-taxable","17":"product-type-simple"},"acf":[],"_links":{"self":[{"href":"https:\/\/www.nubeocho.com\/ca\/wp-json\/wp\/v2\/product\/13250","targetHints":{"allow":["GET"]}}],"collection":[{"href":"https:\/\/www.nubeocho.com\/ca\/wp-json\/wp\/v2\/product"}],"about":[{"href":"https:\/\/www.nubeocho.com\/ca\/wp-json\/wp\/v2\/types\/product"}],"wp:featuredmedia":[{"embeddable":true,"href":"https:\/\/www.nubeocho.com\/ca\/wp-json\/wp\/v2\/media\/13251"}],"wp:attachment":[{"href":"https:\/\/www.nubeocho.com\/ca\/wp-json\/wp\/v2\/media?parent=13250"}],"wp:term":[{"taxonomy":"product_brand","embeddable":true,"href":"https:\/\/www.nubeocho.com\/ca\/wp-json\/wp\/v2\/product_brand?post=13250"},{"taxonomy":"product_cat","embeddable":true,"href":"https:\/\/www.nubeocho.com\/ca\/wp-json\/wp\/v2\/product_cat?post=13250"},{"taxonomy":"product_tag","embeddable":true,"href":"https:\/\/www.nubeocho.com\/ca\/wp-json\/wp\/v2\/product_tag?post=13250"}],"curies":[{"name":"wp","href":"https:\/\/api.w.org\/{rel}","templated":true}]}}