{"id":13215,"date":"2021-08-30T11:41:05","date_gmt":"2021-08-30T10:25:25","guid":{"rendered":"https:\/\/www.nubeocho.com?post_type=product&#038;p=13215"},"modified":"2021-10-27T14:18:26","modified_gmt":"2021-10-27T12:18:26","slug":"en-leo-va-a-la-perruqueria","status":"publish","type":"product","link":"https:\/\/www.nubeocho.com\/ca\/producte\/en-leo-va-a-la-perruqueria\/","title":{"rendered":"En Leo va a la perruqueria"},"content":{"rendered":"<p>En Leo est\u00e0 despentinat i el seu amic mico li proposa anar a la perruqueria, per\u00f2 en Leo no n\u2019est\u00e0 gaire conven\u00e7ut\u2026 Es far\u00e0 unes trenes? O unes cuetes? Potser es tenyir\u00e0 de vermell? O es posar\u00e0 una corona?<\/p>\n<p>El segon llibre d\u2019en Leo de Britta Teckentrup despr\u00e9s d\u2019<em>En Leo es vesteix<\/em>.<\/p>\n","protected":false},"excerpt":{"rendered":"<p>Un llibre de cart\u00f3 per als m\u00e9s petits, encunyat i amb un joc visual. Disfresses i pentinats per a en Leo! <em>En Leo es vesteix<\/em> i ara en <em>Leo va a la perruqueria<\/em>.<\/p>\n","protected":false},"featured_media":13216,"template":"","meta":[],"product_brand":[],"product_cat":[696,1154],"product_tag":[1604,1605,1647,1632],"class_list":{"0":"post-13215","1":"product","2":"type-product","3":"status-publish","4":"has-post-thumbnail","6":"colecciones-nuvol-de-cartro","7":"edades-0-cat","8":"product_cat-cataleg","9":"product_cat-llibre-de-cartro","10":"product_tag-amistat","11":"product_tag-autors-internacionals","12":"product_tag-cartro","13":"product_tag-humor-ca","15":"first","16":"instock","17":"taxable","18":"shipping-taxable","19":"product-type-simple"},"acf":[],"_links":{"self":[{"href":"https:\/\/www.nubeocho.com\/ca\/wp-json\/wp\/v2\/product\/13215","targetHints":{"allow":["GET"]}}],"collection":[{"href":"https:\/\/www.nubeocho.com\/ca\/wp-json\/wp\/v2\/product"}],"about":[{"href":"https:\/\/www.nubeocho.com\/ca\/wp-json\/wp\/v2\/types\/product"}],"wp:featuredmedia":[{"embeddable":true,"href":"https:\/\/www.nubeocho.com\/ca\/wp-json\/wp\/v2\/media\/13216"}],"wp:attachment":[{"href":"https:\/\/www.nubeocho.com\/ca\/wp-json\/wp\/v2\/media?parent=13215"}],"wp:term":[{"taxonomy":"product_brand","embeddable":true,"href":"https:\/\/www.nubeocho.com\/ca\/wp-json\/wp\/v2\/product_brand?post=13215"},{"taxonomy":"product_cat","embeddable":true,"href":"https:\/\/www.nubeocho.com\/ca\/wp-json\/wp\/v2\/product_cat?post=13215"},{"taxonomy":"product_tag","embeddable":true,"href":"https:\/\/www.nubeocho.com\/ca\/wp-json\/wp\/v2\/product_tag?post=13215"}],"curies":[{"name":"wp","href":"https:\/\/api.w.org\/{rel}","templated":true}]}}