{"id":13183,"date":"2021-07-14T11:12:36","date_gmt":"2021-06-14T09:19:30","guid":{"rendered":"https:\/\/www.nubeocho.com?post_type=product&#038;p=13183"},"modified":"2022-01-10T10:42:05","modified_gmt":"2022-01-10T09:42:05","slug":"en-guillot-diu-mentides","status":"publish","type":"product","link":"https:\/\/www.nubeocho.com\/ca\/producte\/en-guillot-diu-mentides\/","title":{"rendered":"En Guillot diu mentides"},"content":{"rendered":"<p>En Guillot explica que coneix a la Supertortuga, per\u00f2 ni tan sols sap si aquesta existeix o si es tracta d&#8217;una llegenda. Les seves mentides creixen com una bola de neu i ja no sap qu\u00e8 fer.<\/p>\n<p>Per\u00f2 si la seva amiga esquiroleta estigu\u00e9s en perill arran de les seves mentides?<\/p>\n","protected":false},"excerpt":{"rendered":"<p>Despr\u00e9s de <em>L&#8217;os rentador vol ser el primer<\/em> i de la m\u00e0 de la reconeguda autora i psic\u00f2loga Susanna Isern, arriba aquest nou t\u00edtol sobre la import\u00e0ncia de dir la veritat.<\/p>\n","protected":false},"featured_media":14836,"template":"","meta":[],"product_brand":[],"product_cat":[696,697],"product_tag":[1604,1620,1644],"class_list":{"0":"post-13183","1":"product","2":"type-product","3":"status-publish","4":"has-post-thumbnail","6":"colecciones-los-rentador-i-la-seva-colla","7":"edades-4-ca","8":"product_cat-cataleg","9":"product_cat-llibre-illustrat","10":"product_tag-amistat","11":"product_tag-emocions","12":"product_tag-per-reflexionar","14":"first","15":"instock","16":"taxable","17":"shipping-taxable","18":"product-type-simple"},"acf":[],"_links":{"self":[{"href":"https:\/\/www.nubeocho.com\/ca\/wp-json\/wp\/v2\/product\/13183","targetHints":{"allow":["GET"]}}],"collection":[{"href":"https:\/\/www.nubeocho.com\/ca\/wp-json\/wp\/v2\/product"}],"about":[{"href":"https:\/\/www.nubeocho.com\/ca\/wp-json\/wp\/v2\/types\/product"}],"wp:featuredmedia":[{"embeddable":true,"href":"https:\/\/www.nubeocho.com\/ca\/wp-json\/wp\/v2\/media\/14836"}],"wp:attachment":[{"href":"https:\/\/www.nubeocho.com\/ca\/wp-json\/wp\/v2\/media?parent=13183"}],"wp:term":[{"taxonomy":"product_brand","embeddable":true,"href":"https:\/\/www.nubeocho.com\/ca\/wp-json\/wp\/v2\/product_brand?post=13183"},{"taxonomy":"product_cat","embeddable":true,"href":"https:\/\/www.nubeocho.com\/ca\/wp-json\/wp\/v2\/product_cat?post=13183"},{"taxonomy":"product_tag","embeddable":true,"href":"https:\/\/www.nubeocho.com\/ca\/wp-json\/wp\/v2\/product_tag?post=13183"}],"curies":[{"name":"wp","href":"https:\/\/api.w.org\/{rel}","templated":true}]}}