{"id":13150,"date":"2021-05-24T10:40:21","date_gmt":"2021-05-24T08:46:37","guid":{"rendered":"https:\/\/www.nubeocho.com?post_type=product&#038;p=13150"},"modified":"2021-10-27T14:30:47","modified_gmt":"2021-10-27T12:30:47","slug":"la-carlota-no-diu-ni-piu","status":"publish","type":"product","link":"https:\/\/www.nubeocho.com\/ca\/producte\/la-carlota-no-diu-ni-piu\/","title":{"rendered":"La Carlota no diu ni piu"},"content":{"rendered":"<p>La Carlota no parla. Tothom l&#8217;ent\u00e9n tan sols amb els seus gestos i mirades.<\/p>\n<p>Per\u00f2, un dia, perseguint el seu amic Tom el ratol\u00ed, la Carlota va entrar al rebost, la porta es va tancar de cop i la nena s\u2019hi va quedar tancada.<\/p>\n<p>Qu\u00e8 far\u00e0 la Carlota?<\/p>\n<p>Sembla que nom\u00e9s podr\u00e0 sortir del rebost si fa \u00fas de la seva veu.<\/p>\n","protected":false},"excerpt":{"rendered":"<p>La Carlota no parla. Tothom l&#8217;ent\u00e9n tan sols amb els seus gestos i mirades. Per\u00f2, un dia, perseguint el seu amic Tom el ratol\u00ed, la Carlota va entrar al rebost, la porta es va tancar de cop i la nena s\u2019hi va quedar tancada. Qu\u00e8 far\u00e0 la Carlota? Sembla que nom\u00e9s podr\u00e0 sortir del rebost [&hellip;]<\/p>\n","protected":false},"featured_media":13151,"template":"","meta":[],"product_brand":[],"product_cat":[696,697],"product_tag":[1614,1644],"class_list":{"0":"post-13150","1":"product","2":"type-product","3":"status-publish","4":"has-post-thumbnail","6":"colecciones-colleccio-som8","7":"edades-4-ca","8":"product_cat-cataleg","9":"product_cat-llibre-illustrat","10":"product_tag-diversitat","11":"product_tag-per-reflexionar","13":"first","14":"instock","15":"taxable","16":"shipping-taxable","17":"product-type-simple"},"acf":[],"_links":{"self":[{"href":"https:\/\/www.nubeocho.com\/ca\/wp-json\/wp\/v2\/product\/13150","targetHints":{"allow":["GET"]}}],"collection":[{"href":"https:\/\/www.nubeocho.com\/ca\/wp-json\/wp\/v2\/product"}],"about":[{"href":"https:\/\/www.nubeocho.com\/ca\/wp-json\/wp\/v2\/types\/product"}],"wp:featuredmedia":[{"embeddable":true,"href":"https:\/\/www.nubeocho.com\/ca\/wp-json\/wp\/v2\/media\/13151"}],"wp:attachment":[{"href":"https:\/\/www.nubeocho.com\/ca\/wp-json\/wp\/v2\/media?parent=13150"}],"wp:term":[{"taxonomy":"product_brand","embeddable":true,"href":"https:\/\/www.nubeocho.com\/ca\/wp-json\/wp\/v2\/product_brand?post=13150"},{"taxonomy":"product_cat","embeddable":true,"href":"https:\/\/www.nubeocho.com\/ca\/wp-json\/wp\/v2\/product_cat?post=13150"},{"taxonomy":"product_tag","embeddable":true,"href":"https:\/\/www.nubeocho.com\/ca\/wp-json\/wp\/v2\/product_tag?post=13150"}],"curies":[{"name":"wp","href":"https:\/\/api.w.org\/{rel}","templated":true}]}}