{"id":13118,"date":"2021-05-17T09:33:48","date_gmt":"2021-05-17T08:05:40","guid":{"rendered":"https:\/\/www.nubeocho.com?post_type=product&#038;p=13118"},"modified":"2023-01-30T10:12:19","modified_gmt":"2023-01-30T09:12:19","slug":"el-petit-i-jo","status":"publish","type":"product","link":"https:\/\/www.nubeocho.com\/ca\/producte\/el-petit-i-jo\/","title":{"rendered":"El Petit i jo"},"content":{"rendered":"<p>Quan el meu gos Petit va morir, a casa tots ens vam posar tristos. L&#8217;endem\u00e0, un n\u00favol va comen\u00e7ar a seguir-me a tot arreu, em va entrar sab\u00f3 als ulls i un pop m\u2019estrenyia el cor molt fort.<\/p>\n<p>Els records ens ajuden a superar la p\u00e8rdua dels nostres \u00e9ssers estimats.<\/p>\n<p>De la prestigiosa autora infantil i psic\u00f2loga, Alicia Acosta.<\/p>\n","protected":false},"excerpt":{"rendered":"<p>La p\u00e8rdua d&#8217;un animal de companyia suposa un moment molt dolor\u00f3s. Els records i l&#8217;afecte s\u00f3n de gran ajuda. En <em>Petit i jo<\/em> \u00e9s un llibre po\u00e8tic i delicat per reconfortar als m\u00e9s petits, per\u00f2 tamb\u00e9 als adults.<\/p>\n","protected":false},"featured_media":14788,"template":"","meta":[],"product_brand":[],"product_cat":[696,697],"product_tag":[1604,1620,1626,1644],"class_list":{"0":"post-13118","1":"product","2":"type-product","3":"status-publish","4":"has-post-thumbnail","6":"colecciones-colleccio-som8","7":"edades-4-ca","8":"product_cat-cataleg","9":"product_cat-llibre-illustrat","10":"product_tag-amistat","11":"product_tag-emocions","12":"product_tag-familia-ca","13":"product_tag-per-reflexionar","15":"first","16":"instock","17":"taxable","18":"shipping-taxable","19":"product-type-simple"},"acf":[],"_links":{"self":[{"href":"https:\/\/www.nubeocho.com\/ca\/wp-json\/wp\/v2\/product\/13118","targetHints":{"allow":["GET"]}}],"collection":[{"href":"https:\/\/www.nubeocho.com\/ca\/wp-json\/wp\/v2\/product"}],"about":[{"href":"https:\/\/www.nubeocho.com\/ca\/wp-json\/wp\/v2\/types\/product"}],"wp:featuredmedia":[{"embeddable":true,"href":"https:\/\/www.nubeocho.com\/ca\/wp-json\/wp\/v2\/media\/14788"}],"wp:attachment":[{"href":"https:\/\/www.nubeocho.com\/ca\/wp-json\/wp\/v2\/media?parent=13118"}],"wp:term":[{"taxonomy":"product_brand","embeddable":true,"href":"https:\/\/www.nubeocho.com\/ca\/wp-json\/wp\/v2\/product_brand?post=13118"},{"taxonomy":"product_cat","embeddable":true,"href":"https:\/\/www.nubeocho.com\/ca\/wp-json\/wp\/v2\/product_cat?post=13118"},{"taxonomy":"product_tag","embeddable":true,"href":"https:\/\/www.nubeocho.com\/ca\/wp-json\/wp\/v2\/product_tag?post=13118"}],"curies":[{"name":"wp","href":"https:\/\/api.w.org\/{rel}","templated":true}]}}