{"id":13052,"date":"2021-03-22T14:32:06","date_gmt":"2021-03-22T13:42:00","guid":{"rendered":"https:\/\/www.nubeocho.com?post_type=product&#038;p=13052"},"modified":"2021-10-27T14:55:31","modified_gmt":"2021-10-27T12:55:31","slug":"tempesta-de-pebre","status":"publish","type":"product","link":"https:\/\/www.nubeocho.com\/ca\/producte\/tempesta-de-pebre\/","title":{"rendered":"Tempesta de pebre"},"content":{"rendered":"<p>Quan els elefants caminen mai s\u2019aturen a mirar cap avall. Els ratolins tenen por que els aixafin i demanen als elefants que vagin amb compte. Per\u00f2 ells no els fan gens de cas! Un dia, els ratolins tenen una idea: podria el pebre ser la soluci\u00f3 als seus problemes?<\/p>\n","protected":false},"excerpt":{"rendered":"<p>Alguna vegada t&#8217;has preguntat per qu\u00e8 els elefants tenen por dels ratolins? Aquesta divertida hist\u00f2ria de l&#8217;autor d\u2019El pet m\u00e9s gran del m\u00f3n&#8217; et donar\u00e0 la resposta.<\/p>\n","protected":false},"featured_media":13053,"template":"","meta":[],"product_brand":[],"product_cat":[696,697],"product_tag":[1604,1632,1644],"class_list":{"0":"post-13052","1":"product","2":"type-product","3":"status-publish","4":"has-post-thumbnail","6":"colecciones-colleccio-som8","7":"edades-3-ca","8":"product_cat-cataleg","9":"product_cat-llibre-illustrat","10":"product_tag-amistat","11":"product_tag-humor-ca","12":"product_tag-per-reflexionar","14":"first","15":"instock","16":"taxable","17":"shipping-taxable","18":"product-type-simple"},"acf":[],"_links":{"self":[{"href":"https:\/\/www.nubeocho.com\/ca\/wp-json\/wp\/v2\/product\/13052","targetHints":{"allow":["GET"]}}],"collection":[{"href":"https:\/\/www.nubeocho.com\/ca\/wp-json\/wp\/v2\/product"}],"about":[{"href":"https:\/\/www.nubeocho.com\/ca\/wp-json\/wp\/v2\/types\/product"}],"wp:featuredmedia":[{"embeddable":true,"href":"https:\/\/www.nubeocho.com\/ca\/wp-json\/wp\/v2\/media\/13053"}],"wp:attachment":[{"href":"https:\/\/www.nubeocho.com\/ca\/wp-json\/wp\/v2\/media?parent=13052"}],"wp:term":[{"taxonomy":"product_brand","embeddable":true,"href":"https:\/\/www.nubeocho.com\/ca\/wp-json\/wp\/v2\/product_brand?post=13052"},{"taxonomy":"product_cat","embeddable":true,"href":"https:\/\/www.nubeocho.com\/ca\/wp-json\/wp\/v2\/product_cat?post=13052"},{"taxonomy":"product_tag","embeddable":true,"href":"https:\/\/www.nubeocho.com\/ca\/wp-json\/wp\/v2\/product_tag?post=13052"}],"curies":[{"name":"wp","href":"https:\/\/api.w.org\/{rel}","templated":true}]}}