{"id":12905,"date":"2021-03-15T10:47:54","date_gmt":"2021-03-15T09:47:54","guid":{"rendered":"https:\/\/www.nubeocho.com?post_type=product&#038;p=12905"},"modified":"2023-01-05T14:04:57","modified_gmt":"2023-01-05T13:04:57","slug":"la-nina-den-lluc","status":"publish","type":"product","link":"https:\/\/www.nubeocho.com\/ca\/producte\/la-nina-den-lluc\/","title":{"rendered":"La nina d&#8217;en Lluc"},"content":{"rendered":"<p>El que en Lucas m\u00e9s desitja al m\u00f3n \u00e9s tenir una nina. Quan els seus pares li regalen una, el petit s&#8217;emociona i corre a jugar amb ella. Al parc, un nen de l&#8217;escola se la treu per fer-lo enfadar i\u2026 la nina es trenca!<\/p>\n<p>Dels autors de <em>Visca les ungles de colors!<\/em>, una tendra hist\u00f2ria que ens recorda que no hi ha coses per a nenes i coses per a nens.<\/p>\n","protected":false},"excerpt":{"rendered":"<p>El que en Lucas m\u00e9s desitja al m\u00f3n \u00e9s tenir una nina. Per qu\u00e8 els nens no poden jugar amb nines?<\/p>\n<p>D&#8217;Alicia Acosta i Luis Amavisca, autors de <em>Visca les ungles de colors!<\/em><\/p>\n","protected":false},"featured_media":14890,"template":"","meta":[],"product_brand":[],"product_cat":[696,697],"product_tag":[1604,1614,1620,1635,1608,1644],"class_list":{"0":"post-12905","1":"product","2":"type-product","3":"status-publish","4":"has-post-thumbnail","6":"colecciones-egalite-ca","7":"edades-4-ca","8":"product_cat-cataleg","9":"product_cat-llibre-illustrat","10":"product_tag-amistat","11":"product_tag-diversitat","12":"product_tag-emocions","13":"product_tag-igualtat-feminisme","14":"product_tag-noies-i-nois-pirata","15":"product_tag-per-reflexionar","17":"first","18":"instock","19":"taxable","20":"shipping-taxable","21":"product-type-simple"},"acf":[],"_links":{"self":[{"href":"https:\/\/www.nubeocho.com\/ca\/wp-json\/wp\/v2\/product\/12905","targetHints":{"allow":["GET"]}}],"collection":[{"href":"https:\/\/www.nubeocho.com\/ca\/wp-json\/wp\/v2\/product"}],"about":[{"href":"https:\/\/www.nubeocho.com\/ca\/wp-json\/wp\/v2\/types\/product"}],"wp:featuredmedia":[{"embeddable":true,"href":"https:\/\/www.nubeocho.com\/ca\/wp-json\/wp\/v2\/media\/14890"}],"wp:attachment":[{"href":"https:\/\/www.nubeocho.com\/ca\/wp-json\/wp\/v2\/media?parent=12905"}],"wp:term":[{"taxonomy":"product_brand","embeddable":true,"href":"https:\/\/www.nubeocho.com\/ca\/wp-json\/wp\/v2\/product_brand?post=12905"},{"taxonomy":"product_cat","embeddable":true,"href":"https:\/\/www.nubeocho.com\/ca\/wp-json\/wp\/v2\/product_cat?post=12905"},{"taxonomy":"product_tag","embeddable":true,"href":"https:\/\/www.nubeocho.com\/ca\/wp-json\/wp\/v2\/product_tag?post=12905"}],"curies":[{"name":"wp","href":"https:\/\/api.w.org\/{rel}","templated":true}]}}