{"id":12840,"date":"2021-03-08T12:50:52","date_gmt":"2021-03-08T11:50:52","guid":{"rendered":"https:\/\/www.nubeocho.com?post_type=product&#038;p=12840"},"modified":"2024-12-16T13:02:53","modified_gmt":"2024-12-16T12:02:53","slug":"potser","status":"publish","type":"product","link":"https:\/\/www.nubeocho.com\/ca\/producte\/potser\/","title":{"rendered":"Potser&#8230;"},"content":{"rendered":"<p>Els micos saben que hi ha molts tigres a prop de l&#8217;arbre. Per\u00f2 ells volen menjar un mango. Els encanten els mangos! I si baixen amb compte r\u00e0pids com un llamp? Nom\u00e9s per mirar no passaria res, no? Mmm\u2026. Potser\u2026<\/p>\n","protected":false},"excerpt":{"rendered":"<p>Chris Haughton ens presenta a tres micos molt entremaliats!<\/p>\n<p>Als micos els encanten els mangos, per\u00f2 hi ha molts tigres a prop. I si baixen de l&#8217;arbre amb compte? Podran menjar un mango? Mmm\u2026 Potser\u2026<\/p>\n","protected":false},"featured_media":12841,"template":"","meta":[],"product_brand":[],"product_cat":[696,697],"product_tag":[1605,1632],"class_list":{"0":"post-12840","1":"product","2":"type-product","3":"status-publish","4":"has-post-thumbnail","6":"colecciones-colleccio-som8","7":"edades-2-ca","8":"product_cat-cataleg","9":"product_cat-llibre-illustrat","10":"product_tag-autors-internacionals","11":"product_tag-humor-ca","13":"first","14":"instock","15":"taxable","16":"shipping-taxable","17":"product-type-simple"},"acf":[],"_links":{"self":[{"href":"https:\/\/www.nubeocho.com\/ca\/wp-json\/wp\/v2\/product\/12840","targetHints":{"allow":["GET"]}}],"collection":[{"href":"https:\/\/www.nubeocho.com\/ca\/wp-json\/wp\/v2\/product"}],"about":[{"href":"https:\/\/www.nubeocho.com\/ca\/wp-json\/wp\/v2\/types\/product"}],"wp:featuredmedia":[{"embeddable":true,"href":"https:\/\/www.nubeocho.com\/ca\/wp-json\/wp\/v2\/media\/12841"}],"wp:attachment":[{"href":"https:\/\/www.nubeocho.com\/ca\/wp-json\/wp\/v2\/media?parent=12840"}],"wp:term":[{"taxonomy":"product_brand","embeddable":true,"href":"https:\/\/www.nubeocho.com\/ca\/wp-json\/wp\/v2\/product_brand?post=12840"},{"taxonomy":"product_cat","embeddable":true,"href":"https:\/\/www.nubeocho.com\/ca\/wp-json\/wp\/v2\/product_cat?post=12840"},{"taxonomy":"product_tag","embeddable":true,"href":"https:\/\/www.nubeocho.com\/ca\/wp-json\/wp\/v2\/product_tag?post=12840"}],"curies":[{"name":"wp","href":"https:\/\/api.w.org\/{rel}","templated":true}]}}