{"id":12705,"date":"2021-02-22T13:03:43","date_gmt":"2021-02-22T12:03:43","guid":{"rendered":"https:\/\/www.nubeocho.com?post_type=product&#038;p=12705"},"modified":"2023-10-09T09:46:53","modified_gmt":"2023-10-09T07:46:53","slug":"aixo-no-es-normal","status":"publish","type":"product","link":"https:\/\/www.nubeocho.com\/ca\/producte\/aixo-no-es-normal\/","title":{"rendered":"Aix\u00f2 no \u00e9s normal!"},"content":{"rendered":"<p>L&#8217;elefant t\u00e9 una trompa llargu\u00edssima. Amb ella ajuda als seus amics, per\u00f2 l&#8217;hipop\u00f2tam sempre es burla d&#8217;ell:<br \/>\n\u2013Aix\u00f2 no \u00e9s normal!<br \/>\nPer\u00f2, qu\u00e8 \u00e9s \u201cnormal\u201d?<\/p>\n<p>Una divertida hist\u00f2ria que ajuda a entendre la diversitat. Llibre seleccionat per The White Ravens.<\/p>\n","protected":false},"excerpt":{"rendered":"<p>L&#8217;elefant t\u00e9 una trompa llargu\u00edssima i l&#8217;hipop\u00f2tam no es cansa de dir-li: <em>Aix\u00f2 no \u00e9s normal! <\/em>Un llibre seleccionat per The White Ravens.<\/p>\n","protected":false},"featured_media":12706,"template":"","meta":[],"product_brand":[],"product_cat":[696,697],"product_tag":[1604,1523,1614,1632],"class_list":{"0":"post-12705","1":"product","2":"type-product","3":"status-publish","4":"has-post-thumbnail","6":"colecciones-egalite-ca","7":"edades-3-ca","8":"product_cat-cataleg","9":"product_cat-llibre-illustrat","10":"product_tag-amistat","11":"product_tag-assetjament-escolar","12":"product_tag-diversitat","13":"product_tag-humor-ca","15":"first","16":"instock","17":"taxable","18":"shipping-taxable","19":"product-type-simple"},"acf":[],"_links":{"self":[{"href":"https:\/\/www.nubeocho.com\/ca\/wp-json\/wp\/v2\/product\/12705","targetHints":{"allow":["GET"]}}],"collection":[{"href":"https:\/\/www.nubeocho.com\/ca\/wp-json\/wp\/v2\/product"}],"about":[{"href":"https:\/\/www.nubeocho.com\/ca\/wp-json\/wp\/v2\/types\/product"}],"wp:featuredmedia":[{"embeddable":true,"href":"https:\/\/www.nubeocho.com\/ca\/wp-json\/wp\/v2\/media\/12706"}],"wp:attachment":[{"href":"https:\/\/www.nubeocho.com\/ca\/wp-json\/wp\/v2\/media?parent=12705"}],"wp:term":[{"taxonomy":"product_brand","embeddable":true,"href":"https:\/\/www.nubeocho.com\/ca\/wp-json\/wp\/v2\/product_brand?post=12705"},{"taxonomy":"product_cat","embeddable":true,"href":"https:\/\/www.nubeocho.com\/ca\/wp-json\/wp\/v2\/product_cat?post=12705"},{"taxonomy":"product_tag","embeddable":true,"href":"https:\/\/www.nubeocho.com\/ca\/wp-json\/wp\/v2\/product_tag?post=12705"}],"curies":[{"name":"wp","href":"https:\/\/api.w.org\/{rel}","templated":true}]}}