{"id":12580,"date":"2021-02-15T11:55:01","date_gmt":"2021-02-15T10:55:01","guid":{"rendered":"https:\/\/www.nubeocho.com?post_type=product&#038;p=12580"},"modified":"2023-10-09T09:57:11","modified_gmt":"2023-10-09T07:57:11","slug":"el-monstre-mes-lleig-del-mon","status":"publish","type":"product","link":"https:\/\/www.nubeocho.com\/ca\/producte\/el-monstre-mes-lleig-del-mon\/","title":{"rendered":"El monstre m\u00e9s lleig del m\u00f3n"},"content":{"rendered":"<p>Aquest monstre afirma que ell \u00e9s el m\u00e9s lleig del m\u00f3n. Aviat n\u2019arriba un altre dient que el m\u00e9s lleig \u00e9s ell! I qu\u00e8 passa quan arriba un tercer monstre? Potser la millor manera de descobrir-ho sigui mirant-se a un mirall. Els ajudar\u00e0 aix\u00f2 a decidir qui \u00e9s el monstre m\u00e9s lleig del m\u00f3n?<\/p>\n","protected":false},"excerpt":{"rendered":"<p>Tres monstres volen guanyar un divertid\u00edssim concurs! Un final sorprenent. Qui ser\u00e0 el monstre m\u00e9s lleig del m\u00f3n?<\/p>\n","protected":false},"featured_media":12601,"template":"","meta":[],"product_brand":[],"product_cat":[696,697],"product_tag":[1604,1632],"class_list":{"0":"post-12580","1":"product","2":"type-product","3":"status-publish","4":"has-post-thumbnail","6":"colecciones-colleccio-som8","7":"edades-3-ca","8":"product_cat-cataleg","9":"product_cat-llibre-illustrat","10":"product_tag-amistat","11":"product_tag-humor-ca","13":"first","14":"instock","15":"taxable","16":"shipping-taxable","17":"product-type-simple"},"acf":[],"_links":{"self":[{"href":"https:\/\/www.nubeocho.com\/ca\/wp-json\/wp\/v2\/product\/12580","targetHints":{"allow":["GET"]}}],"collection":[{"href":"https:\/\/www.nubeocho.com\/ca\/wp-json\/wp\/v2\/product"}],"about":[{"href":"https:\/\/www.nubeocho.com\/ca\/wp-json\/wp\/v2\/types\/product"}],"wp:featuredmedia":[{"embeddable":true,"href":"https:\/\/www.nubeocho.com\/ca\/wp-json\/wp\/v2\/media\/12601"}],"wp:attachment":[{"href":"https:\/\/www.nubeocho.com\/ca\/wp-json\/wp\/v2\/media?parent=12580"}],"wp:term":[{"taxonomy":"product_brand","embeddable":true,"href":"https:\/\/www.nubeocho.com\/ca\/wp-json\/wp\/v2\/product_brand?post=12580"},{"taxonomy":"product_cat","embeddable":true,"href":"https:\/\/www.nubeocho.com\/ca\/wp-json\/wp\/v2\/product_cat?post=12580"},{"taxonomy":"product_tag","embeddable":true,"href":"https:\/\/www.nubeocho.com\/ca\/wp-json\/wp\/v2\/product_tag?post=12580"}],"curies":[{"name":"wp","href":"https:\/\/api.w.org\/{rel}","templated":true}]}}