{"id":12506,"date":"2021-02-08T11:23:09","date_gmt":"2021-02-08T10:23:09","guid":{"rendered":"https:\/\/www.nubeocho.com?post_type=product&#038;p=12506"},"modified":"2026-01-26T12:11:01","modified_gmt":"2026-01-26T11:11:01","slug":"el-ladron-del-sombrero","status":"publish","type":"product","link":"https:\/\/www.nubeocho.com\/ca\/producte\/el-ladron-del-sombrero\/","title":{"rendered":"El lladre del barret"},"content":{"rendered":"<p>Aquest peixet t\u00e9 un barret que no \u00e9s seu. L\u2019ha robat a un peix gran! El barret \u00e9s blau, molt bonic i li queda molt b\u00e9. El peix gran no ha vist com el robava. I segurament, encara que l\u2019hagu\u00e9s vist fer-ho, no s\u2019imagina on s&#8217;amagar\u00e0. No el trobar\u00e0 mai. O potser s\u00ed?<\/p>\n","protected":false},"excerpt":{"rendered":"<p>Aquest peixet ha robat un barret a un peix molt gran. Ell pensa que ning\u00fa no ho ha vist i segurament no el descobriran\u2026 O potser s\u00ed?<\/p>\n","protected":false},"featured_media":12508,"template":"","meta":[],"product_brand":[],"product_cat":[696,697],"product_tag":[1605,1632],"class_list":{"0":"post-12506","1":"product","2":"type-product","3":"status-publish","4":"has-post-thumbnail","6":"colecciones-colleccio-som8","7":"edades-2-ca","8":"product_cat-cataleg","9":"product_cat-llibre-illustrat","10":"product_tag-autors-internacionals","11":"product_tag-humor-ca","13":"first","14":"instock","15":"taxable","16":"shipping-taxable","17":"product-type-simple"},"acf":[],"_links":{"self":[{"href":"https:\/\/www.nubeocho.com\/ca\/wp-json\/wp\/v2\/product\/12506","targetHints":{"allow":["GET"]}}],"collection":[{"href":"https:\/\/www.nubeocho.com\/ca\/wp-json\/wp\/v2\/product"}],"about":[{"href":"https:\/\/www.nubeocho.com\/ca\/wp-json\/wp\/v2\/types\/product"}],"wp:featuredmedia":[{"embeddable":true,"href":"https:\/\/www.nubeocho.com\/ca\/wp-json\/wp\/v2\/media\/12508"}],"wp:attachment":[{"href":"https:\/\/www.nubeocho.com\/ca\/wp-json\/wp\/v2\/media?parent=12506"}],"wp:term":[{"taxonomy":"product_brand","embeddable":true,"href":"https:\/\/www.nubeocho.com\/ca\/wp-json\/wp\/v2\/product_brand?post=12506"},{"taxonomy":"product_cat","embeddable":true,"href":"https:\/\/www.nubeocho.com\/ca\/wp-json\/wp\/v2\/product_cat?post=12506"},{"taxonomy":"product_tag","embeddable":true,"href":"https:\/\/www.nubeocho.com\/ca\/wp-json\/wp\/v2\/product_tag?post=12506"}],"curies":[{"name":"wp","href":"https:\/\/api.w.org\/{rel}","templated":true}]}}