{"id":12224,"date":"2021-01-25T09:49:26","date_gmt":"2021-01-25T08:49:26","guid":{"rendered":"https:\/\/www.nubeocho.com?post_type=product&#038;p=12224"},"modified":"2026-01-19T12:21:12","modified_gmt":"2026-01-19T11:21:12","slug":"daniela-la-pirata-i-la-bruixa-sofronissa","status":"publish","type":"product","link":"https:\/\/www.nubeocho.com\/ca\/producte\/daniela-la-pirata-i-la-bruixa-sofronissa\/","title":{"rendered":"Daniela la Pirata i la bruixa Sofronissa"},"content":{"rendered":"<p class=\"ql-align-justify\">La malvada bruixa Sofronissa viu a l\u2019Illa Tenebrosa. Des de la seva cabanya, ho observa tot a la seva bola de cristall. No suporta que els altres riguin i, quan veu a alg\u00fa feli\u00e7, li llan\u00e7a encanteris perqu\u00e8 tot li surti malament. La pirata Daniela s&#8217;enfrontar\u00e0 a la Sofronissa!<\/p>\n<p class=\"ql-align-justify\">Un nou llibre de la pirata m\u00e9s famosa! M\u00e9s de 60.000 llibres venuts!<\/p>\n","protected":false},"excerpt":{"rendered":"<p>A la bruixa Sofronissa no li agrada la gent feli\u00e7.Un dia,a la seva bola de cristall va veure a la Daniela i als pirates. Aconseguir\u00e0 la Sofronissa que deixin de somriure?<\/p>\n","protected":false},"featured_media":22055,"template":"","meta":[],"product_brand":[],"product_cat":[696,697],"product_tag":[1629,1635,1608],"class_list":{"0":"post-12224","1":"product","2":"type-product","3":"status-publish","4":"has-post-thumbnail","6":"colecciones-daniela-pirata-ca","7":"edades-4-ca","8":"product_cat-cataleg","9":"product_cat-llibre-illustrat","10":"product_tag-grans-exits-els-mes-venuts","11":"product_tag-igualtat-feminisme","12":"product_tag-noies-i-nois-pirata","14":"first","15":"instock","16":"taxable","17":"shipping-taxable","18":"product-type-simple"},"acf":[],"_links":{"self":[{"href":"https:\/\/www.nubeocho.com\/ca\/wp-json\/wp\/v2\/product\/12224","targetHints":{"allow":["GET"]}}],"collection":[{"href":"https:\/\/www.nubeocho.com\/ca\/wp-json\/wp\/v2\/product"}],"about":[{"href":"https:\/\/www.nubeocho.com\/ca\/wp-json\/wp\/v2\/types\/product"}],"wp:featuredmedia":[{"embeddable":true,"href":"https:\/\/www.nubeocho.com\/ca\/wp-json\/wp\/v2\/media\/22055"}],"wp:attachment":[{"href":"https:\/\/www.nubeocho.com\/ca\/wp-json\/wp\/v2\/media?parent=12224"}],"wp:term":[{"taxonomy":"product_brand","embeddable":true,"href":"https:\/\/www.nubeocho.com\/ca\/wp-json\/wp\/v2\/product_brand?post=12224"},{"taxonomy":"product_cat","embeddable":true,"href":"https:\/\/www.nubeocho.com\/ca\/wp-json\/wp\/v2\/product_cat?post=12224"},{"taxonomy":"product_tag","embeddable":true,"href":"https:\/\/www.nubeocho.com\/ca\/wp-json\/wp\/v2\/product_tag?post=12224"}],"curies":[{"name":"wp","href":"https:\/\/api.w.org\/{rel}","templated":true}]}}