{"id":12068,"date":"2021-01-18T10:30:53","date_gmt":"2021-01-18T09:30:53","guid":{"rendered":"https:\/\/www.nubeocho.com?post_type=product&#038;p=12068"},"modified":"2022-01-04T12:29:51","modified_gmt":"2022-01-04T11:29:51","slug":"les-capses-de-la-berta","status":"publish","type":"product","link":"https:\/\/www.nubeocho.com\/ca\/producte\/les-capses-de-la-berta\/","title":{"rendered":"Les capses de la Berta"},"content":{"rendered":"<p>La Berta \u00e9s la nena m\u00e9s obedient i ordenada que hi ha. Quan sent que alguna emoci\u00f3 la desborda, obre les seves capses de les emocions i la fica dins. Per\u00f2 un dia\u2026<\/p>\n<p>A trav\u00e9s de la Berta, aquest tendre llibre ens recorda que les emocions s\u00f3n una cosa humana i natural.<\/p>\n","protected":false},"excerpt":{"rendered":"<p>A trav\u00e9s de la Berta, aquest tendre llibre ens recorda que les emocions s\u00f3n una cosa humana i natural.<\/p>\n","protected":false},"featured_media":14792,"template":"","meta":[],"product_brand":[],"product_cat":[696,697],"product_tag":[1605,1620,1626,1644],"class_list":{"0":"post-12068","1":"product","2":"type-product","3":"status-publish","4":"has-post-thumbnail","6":"colecciones-colleccio-som8","7":"edades-4-ca","8":"product_cat-cataleg","9":"product_cat-llibre-illustrat","10":"product_tag-autors-internacionals","11":"product_tag-emocions","12":"product_tag-familia-ca","13":"product_tag-per-reflexionar","15":"first","16":"instock","17":"taxable","18":"shipping-taxable","19":"product-type-simple"},"acf":[],"_links":{"self":[{"href":"https:\/\/www.nubeocho.com\/ca\/wp-json\/wp\/v2\/product\/12068","targetHints":{"allow":["GET"]}}],"collection":[{"href":"https:\/\/www.nubeocho.com\/ca\/wp-json\/wp\/v2\/product"}],"about":[{"href":"https:\/\/www.nubeocho.com\/ca\/wp-json\/wp\/v2\/types\/product"}],"wp:featuredmedia":[{"embeddable":true,"href":"https:\/\/www.nubeocho.com\/ca\/wp-json\/wp\/v2\/media\/14792"}],"wp:attachment":[{"href":"https:\/\/www.nubeocho.com\/ca\/wp-json\/wp\/v2\/media?parent=12068"}],"wp:term":[{"taxonomy":"product_brand","embeddable":true,"href":"https:\/\/www.nubeocho.com\/ca\/wp-json\/wp\/v2\/product_brand?post=12068"},{"taxonomy":"product_cat","embeddable":true,"href":"https:\/\/www.nubeocho.com\/ca\/wp-json\/wp\/v2\/product_cat?post=12068"},{"taxonomy":"product_tag","embeddable":true,"href":"https:\/\/www.nubeocho.com\/ca\/wp-json\/wp\/v2\/product_tag?post=12068"}],"curies":[{"name":"wp","href":"https:\/\/api.w.org\/{rel}","templated":true}]}}