{"id":11771,"date":"2020-09-21T10:22:40","date_gmt":"2020-09-21T08:25:56","guid":{"rendered":"https:\/\/www.nubeocho.comproducto\/vull-meu-barret-cat\/"},"modified":"2026-01-26T12:00:45","modified_gmt":"2026-01-26T11:00:45","slug":"vull-meu-barret-cat","status":"publish","type":"product","link":"https:\/\/www.nubeocho.com\/ca\/producte\/vull-meu-barret-cat\/","title":{"rendered":"Vull el meu barret"},"content":{"rendered":"<p>On deu ser el barret de l&#8217;os? I si alg\u00fa l&#8217;hagu\u00e9s robat? L&#8217;os pregunta a altres animals si l&#8217;han vist per\u00f2 tots li responen que no. Aleshores, un c\u00e9rvol fa a l\u2019os una pregunta que desperta la seva mem\u00f2ria\u2026 Trobar\u00e0 al lladre?<\/p>\n","protected":false},"excerpt":{"rendered":"<p>L&#8217;os no troba el seu barret i pregunta a altres animals si l&#8217;han vist. Per\u00f2 tots li contesten que no, fins i tot el conill que porta el barret de l&#8217;os al cap!<\/p>\n","protected":false},"featured_media":13283,"template":"","meta":[],"product_brand":[],"product_cat":[696,697],"product_tag":[1605,1632],"class_list":{"0":"post-11771","1":"product","2":"type-product","3":"status-publish","4":"has-post-thumbnail","6":"colecciones-colleccio-som8","7":"edades-2-ca","8":"product_cat-cataleg","9":"product_cat-llibre-illustrat","10":"product_tag-autors-internacionals","11":"product_tag-humor-ca","13":"first","14":"instock","15":"taxable","16":"shipping-taxable","17":"product-type-simple"},"acf":[],"_links":{"self":[{"href":"https:\/\/www.nubeocho.com\/ca\/wp-json\/wp\/v2\/product\/11771","targetHints":{"allow":["GET"]}}],"collection":[{"href":"https:\/\/www.nubeocho.com\/ca\/wp-json\/wp\/v2\/product"}],"about":[{"href":"https:\/\/www.nubeocho.com\/ca\/wp-json\/wp\/v2\/types\/product"}],"wp:featuredmedia":[{"embeddable":true,"href":"https:\/\/www.nubeocho.com\/ca\/wp-json\/wp\/v2\/media\/13283"}],"wp:attachment":[{"href":"https:\/\/www.nubeocho.com\/ca\/wp-json\/wp\/v2\/media?parent=11771"}],"wp:term":[{"taxonomy":"product_brand","embeddable":true,"href":"https:\/\/www.nubeocho.com\/ca\/wp-json\/wp\/v2\/product_brand?post=11771"},{"taxonomy":"product_cat","embeddable":true,"href":"https:\/\/www.nubeocho.com\/ca\/wp-json\/wp\/v2\/product_cat?post=11771"},{"taxonomy":"product_tag","embeddable":true,"href":"https:\/\/www.nubeocho.com\/ca\/wp-json\/wp\/v2\/product_tag?post=11771"}],"curies":[{"name":"wp","href":"https:\/\/api.w.org\/{rel}","templated":true}]}}