{"id":11766,"date":"2020-10-19T10:33:49","date_gmt":"2020-10-19T08:33:49","guid":{"rendered":"https:\/\/www.nubeocho.comproducto\/qui-sha-menjat-meu-pastis-cat\/"},"modified":"2021-11-12T17:08:20","modified_gmt":"2021-11-12T16:08:20","slug":"qui-sha-menjat-meu-pastis-cat","status":"publish","type":"product","link":"https:\/\/www.nubeocho.com\/ca\/producte\/qui-sha-menjat-meu-pastis-cat\/","title":{"rendered":"Qui s&#8217;ha menjat el meu past\u00eds?"},"content":{"rendered":"<p>El gat vol berenar un dels seus pastissos. Mm&#8230; Li ve de gust un past\u00eds de xocolata o una rosquilla, una magdalena\u2026 o potser un past\u00eds de nabius? A poc a poc, el gat descobreix que els seus amics s&#8217;han menjat tots els seus pastissos. Qu\u00e8 menjar\u00e0 avui el gat? Destapa les solapes d&#8217;aquest llibre per descobrir qui s&#8217;ha menjat els pastissos del gat!<\/p>\n","protected":false},"excerpt":{"rendered":"<p>El gat t\u00e9 molta gana i vol menjar-se un dels seus pastissos per a berenar, per\u00f2 sembla que els seus amics se li han avan\u00e7at. Qu\u00e8 ha passat amb els seus pastissos?<\/p>\n","protected":false},"featured_media":7841,"template":"","meta":[],"product_brand":[],"product_cat":[696,1154],"product_tag":[1647],"class_list":{"0":"post-11766","1":"product","2":"type-product","3":"status-publish","4":"has-post-thumbnail","6":"colecciones-nuvol-de-cartro","7":"edades-2-ca","8":"product_cat-cataleg","9":"product_cat-llibre-de-cartro","10":"product_tag-cartro","12":"first","13":"instock","14":"product-type-simple"},"acf":[],"_links":{"self":[{"href":"https:\/\/www.nubeocho.com\/ca\/wp-json\/wp\/v2\/product\/11766","targetHints":{"allow":["GET"]}}],"collection":[{"href":"https:\/\/www.nubeocho.com\/ca\/wp-json\/wp\/v2\/product"}],"about":[{"href":"https:\/\/www.nubeocho.com\/ca\/wp-json\/wp\/v2\/types\/product"}],"wp:featuredmedia":[{"embeddable":true,"href":"https:\/\/www.nubeocho.com\/ca\/wp-json\/wp\/v2\/media\/7841"}],"wp:attachment":[{"href":"https:\/\/www.nubeocho.com\/ca\/wp-json\/wp\/v2\/media?parent=11766"}],"wp:term":[{"taxonomy":"product_brand","embeddable":true,"href":"https:\/\/www.nubeocho.com\/ca\/wp-json\/wp\/v2\/product_brand?post=11766"},{"taxonomy":"product_cat","embeddable":true,"href":"https:\/\/www.nubeocho.com\/ca\/wp-json\/wp\/v2\/product_cat?post=11766"},{"taxonomy":"product_tag","embeddable":true,"href":"https:\/\/www.nubeocho.com\/ca\/wp-json\/wp\/v2\/product_tag?post=11766"}],"curies":[{"name":"wp","href":"https:\/\/api.w.org\/{rel}","templated":true}]}}