{"id":11758,"date":"2016-10-10T10:33:49","date_gmt":"2019-03-11T09:33:49","guid":{"rendered":"https:\/\/www.nubeocho.comproducto\/petit-pirata-serai-cat\/"},"modified":"2024-04-22T10:47:32","modified_gmt":"2024-04-22T08:47:32","slug":"petit-pirata-serai-cat","status":"publish","type":"product","link":"https:\/\/www.nubeocho.com\/ca\/producte\/petit-pirata-serai-cat\/","title":{"rendered":"El petit pirata Seraf\u00ed"},"content":{"rendered":"<p>Una vegada hi havia un pirata tan petit, tan petit que li deien el petit pirata Seraf\u00ed. El petit pirata Seraf\u00ed estava cansat. Sempre havia d&#8217;estar atent que no el trepitgessin i fessin d&#8217;ell una truita de pirata. Al final, es va inventar una frase que repetia sempre que li calia: Compte amb mi, el pirata Seraf\u00ed, soc petit i estic aqu\u00ed!<\/p>\n","protected":false},"excerpt":{"rendered":"<p>Una vegada hi havia un pirata tan petit, tan petit que li deien el petit pirata Seraf\u00ed.<\/p>\n","protected":false},"featured_media":7691,"template":"","meta":[],"product_brand":[],"product_cat":[696,697],"product_tag":[1604,1614,1632,1608],"class_list":{"0":"post-11758","1":"product","2":"type-product","3":"status-publish","4":"has-post-thumbnail","6":"colecciones-el-petit-pirata-serafi","7":"edades-4-ca","8":"product_cat-cataleg","9":"product_cat-llibre-illustrat","10":"product_tag-amistat","11":"product_tag-diversitat","12":"product_tag-humor-ca","13":"product_tag-noies-i-nois-pirata","15":"first","16":"instock","17":"product-type-simple"},"acf":[],"_links":{"self":[{"href":"https:\/\/www.nubeocho.com\/ca\/wp-json\/wp\/v2\/product\/11758","targetHints":{"allow":["GET"]}}],"collection":[{"href":"https:\/\/www.nubeocho.com\/ca\/wp-json\/wp\/v2\/product"}],"about":[{"href":"https:\/\/www.nubeocho.com\/ca\/wp-json\/wp\/v2\/types\/product"}],"wp:featuredmedia":[{"embeddable":true,"href":"https:\/\/www.nubeocho.com\/ca\/wp-json\/wp\/v2\/media\/7691"}],"wp:attachment":[{"href":"https:\/\/www.nubeocho.com\/ca\/wp-json\/wp\/v2\/media?parent=11758"}],"wp:term":[{"taxonomy":"product_brand","embeddable":true,"href":"https:\/\/www.nubeocho.com\/ca\/wp-json\/wp\/v2\/product_brand?post=11758"},{"taxonomy":"product_cat","embeddable":true,"href":"https:\/\/www.nubeocho.com\/ca\/wp-json\/wp\/v2\/product_cat?post=11758"},{"taxonomy":"product_tag","embeddable":true,"href":"https:\/\/www.nubeocho.com\/ca\/wp-json\/wp\/v2\/product_tag?post=11758"}],"curies":[{"name":"wp","href":"https:\/\/api.w.org\/{rel}","templated":true}]}}