{"id":11757,"date":"2018-04-16T10:33:49","date_gmt":"2018-04-16T08:33:49","guid":{"rendered":"https:\/\/www.nubeocho.comproducto\/pet-mes-gran-mon-cat\/"},"modified":"2026-03-05T09:13:04","modified_gmt":"2026-03-05T08:13:04","slug":"pet-mes-gran-mon-cat","status":"publish","type":"product","link":"https:\/\/www.nubeocho.com\/ca\/producte\/pet-mes-gran-mon-cat\/","title":{"rendered":"El pet m\u00e9s gran del m\u00f3n"},"content":{"rendered":"<p>El mico \u00e9s qui va tenir la idea de fer aquest gran concurs. Un concurs de pets a la jungla, en qu\u00e8 participaran l&#8217;elefant, el lle\u00f3, la zebra, l&#8217;hipop\u00f2tam, el rinoceront\u2026 Qui en ser\u00e0 el guanyador?<\/p>\n","protected":false},"excerpt":{"rendered":"<p>A la jungla se celebrar\u00e0 un &#8220;concursmolt especial&#8221;. Qui en ser\u00e0 el guanyador?<\/p>\n","protected":false},"featured_media":7604,"template":"","meta":[],"product_brand":[],"product_cat":[696,697],"product_tag":[1623,1629,1632],"class_list":{"0":"post-11757","1":"product","2":"type-product","3":"status-publish","4":"has-post-thumbnail","6":"colecciones-colleccio-som8","7":"edades-4-ca","8":"product_cat-cataleg","9":"product_cat-llibre-illustrat","10":"product_tag-escatologics","11":"product_tag-grans-exits-els-mes-venuts","12":"product_tag-humor-ca","14":"first","15":"instock","16":"product-type-simple"},"acf":[],"_links":{"self":[{"href":"https:\/\/www.nubeocho.com\/ca\/wp-json\/wp\/v2\/product\/11757","targetHints":{"allow":["GET"]}}],"collection":[{"href":"https:\/\/www.nubeocho.com\/ca\/wp-json\/wp\/v2\/product"}],"about":[{"href":"https:\/\/www.nubeocho.com\/ca\/wp-json\/wp\/v2\/types\/product"}],"wp:featuredmedia":[{"embeddable":true,"href":"https:\/\/www.nubeocho.com\/ca\/wp-json\/wp\/v2\/media\/7604"}],"wp:attachment":[{"href":"https:\/\/www.nubeocho.com\/ca\/wp-json\/wp\/v2\/media?parent=11757"}],"wp:term":[{"taxonomy":"product_brand","embeddable":true,"href":"https:\/\/www.nubeocho.com\/ca\/wp-json\/wp\/v2\/product_brand?post=11757"},{"taxonomy":"product_cat","embeddable":true,"href":"https:\/\/www.nubeocho.com\/ca\/wp-json\/wp\/v2\/product_cat?post=11757"},{"taxonomy":"product_tag","embeddable":true,"href":"https:\/\/www.nubeocho.com\/ca\/wp-json\/wp\/v2\/product_tag?post=11757"}],"curies":[{"name":"wp","href":"https:\/\/api.w.org\/{rel}","templated":true}]}}