{"id":11749,"date":"2022-03-28T10:33:36","date_gmt":"2022-03-28T08:33:36","guid":{"rendered":"https:\/\/www.nubeocho.comproducto\/no-mhan-convidat-laniversari-cat\/"},"modified":"2022-03-31T14:01:29","modified_gmt":"2022-03-31T12:01:29","slug":"no-mhan-convidat-laniversari-cat","status":"publish","type":"product","link":"https:\/\/www.nubeocho.com\/ca\/producte\/no-mhan-convidat-laniversari-cat\/","title":{"rendered":"No m&#8217;han convidat a l&#8217;aniversari"},"content":{"rendered":"<p>\u00c9s la festa d&#8217;aniversari d&#8217;un nen, per\u00f2 en Marc no hi est\u00e0 convidat i se sent trist&#8230;<br \/>\nNo obstant aix\u00f2, quan la balena del barret arriba per recollir a les nenes i els nens que no han estat convidats, comen\u00e7a una hist\u00f2ria m\u00e0gica.<\/p>\n<p>&nbsp;<\/p>\n","protected":false},"excerpt":{"rendered":"<p>Quan no ens conviden a un aniversari, podem sentir-nos exclosos. Per\u00f2 no hem d&#8217;estar tristos, perqu\u00e8 sempre hi ha coses molt divertides a fer. Has sentit a parlar de les festes de no-aniversaris?<\/p>\n","protected":false},"featured_media":15767,"template":"","meta":[],"product_brand":[],"product_cat":[696,697],"product_tag":[1604,1620,1644],"class_list":{"0":"post-11749","1":"product","2":"type-product","3":"status-publish","4":"has-post-thumbnail","6":"colecciones-colleccio-som8","7":"edades-4-ca","8":"product_cat-cataleg","9":"product_cat-llibre-illustrat","10":"product_tag-amistat","11":"product_tag-emocions","12":"product_tag-per-reflexionar","14":"first","15":"instock","16":"product-type-simple"},"acf":[],"_links":{"self":[{"href":"https:\/\/www.nubeocho.com\/ca\/wp-json\/wp\/v2\/product\/11749","targetHints":{"allow":["GET"]}}],"collection":[{"href":"https:\/\/www.nubeocho.com\/ca\/wp-json\/wp\/v2\/product"}],"about":[{"href":"https:\/\/www.nubeocho.com\/ca\/wp-json\/wp\/v2\/types\/product"}],"wp:featuredmedia":[{"embeddable":true,"href":"https:\/\/www.nubeocho.com\/ca\/wp-json\/wp\/v2\/media\/15767"}],"wp:attachment":[{"href":"https:\/\/www.nubeocho.com\/ca\/wp-json\/wp\/v2\/media?parent=11749"}],"wp:term":[{"taxonomy":"product_brand","embeddable":true,"href":"https:\/\/www.nubeocho.com\/ca\/wp-json\/wp\/v2\/product_brand?post=11749"},{"taxonomy":"product_cat","embeddable":true,"href":"https:\/\/www.nubeocho.com\/ca\/wp-json\/wp\/v2\/product_cat?post=11749"},{"taxonomy":"product_tag","embeddable":true,"href":"https:\/\/www.nubeocho.com\/ca\/wp-json\/wp\/v2\/product_tag?post=11749"}],"curies":[{"name":"wp","href":"https:\/\/api.w.org\/{rel}","templated":true}]}}