{"id":11746,"date":"2015-05-05T10:33:36","date_gmt":"2015-05-05T08:33:36","guid":{"rendered":"https:\/\/www.nubeocho.comproducto\/pors-capita-cacurcies-cat-2\/"},"modified":"2025-06-10T12:27:17","modified_gmt":"2025-06-10T10:27:17","slug":"pors-capita-cacurcies-cat-2","status":"publish","type":"product","link":"https:\/\/www.nubeocho.com\/ca\/producte\/pors-capita-cacurcies-cat-2\/","title":{"rendered":"Les pors del capit\u00e0 Cac\u00farcies"},"content":{"rendered":"<p>El capit\u00e0 Cac\u00farcies era el m\u00e9s valent de tots els pirates, per\u00f2 fa poc va comen\u00e7ar a tenir por de tot. Fins i tot de la seva ombra. En el vaixell del fantasma dels ulls blaus, el Cac\u00farcies haur\u00e0 de fer front al fantasma del vaixell, a un vampir\u2026 i fins i tot a un home llop! Una divertida hist\u00f2ria de por perqu\u00e8 te la treguis de sobre.<\/p>\n","protected":false},"excerpt":{"rendered":"<p>Els pirates tornen en un magn\u00edfic \u00e0lbum il\u2022lustrat. De l&#8217;autor d&#8217;El pirata de la pata de pata.<\/p>\n","protected":false},"featured_media":7472,"template":"","meta":[],"product_brand":[],"product_cat":[696,697],"product_tag":[1629,1608,1638],"class_list":{"0":"post-11746","1":"product","2":"type-product","3":"status-publish","4":"has-post-thumbnail","6":"colecciones-colleccio-som8","7":"edades-4-ca","8":"product_cat-cataleg","9":"product_cat-llibre-illustrat","10":"product_tag-grans-exits-els-mes-venuts","11":"product_tag-noies-i-nois-pirata","12":"product_tag-pors","14":"first","15":"instock","16":"product-type-simple"},"acf":[],"_links":{"self":[{"href":"https:\/\/www.nubeocho.com\/ca\/wp-json\/wp\/v2\/product\/11746","targetHints":{"allow":["GET"]}}],"collection":[{"href":"https:\/\/www.nubeocho.com\/ca\/wp-json\/wp\/v2\/product"}],"about":[{"href":"https:\/\/www.nubeocho.com\/ca\/wp-json\/wp\/v2\/types\/product"}],"wp:featuredmedia":[{"embeddable":true,"href":"https:\/\/www.nubeocho.com\/ca\/wp-json\/wp\/v2\/media\/7472"}],"wp:attachment":[{"href":"https:\/\/www.nubeocho.com\/ca\/wp-json\/wp\/v2\/media?parent=11746"}],"wp:term":[{"taxonomy":"product_brand","embeddable":true,"href":"https:\/\/www.nubeocho.com\/ca\/wp-json\/wp\/v2\/product_brand?post=11746"},{"taxonomy":"product_cat","embeddable":true,"href":"https:\/\/www.nubeocho.com\/ca\/wp-json\/wp\/v2\/product_cat?post=11746"},{"taxonomy":"product_tag","embeddable":true,"href":"https:\/\/www.nubeocho.com\/ca\/wp-json\/wp\/v2\/product_tag?post=11746"}],"curies":[{"name":"wp","href":"https:\/\/api.w.org\/{rel}","templated":true}]}}