{"id":11740,"date":"2018-10-01T10:33:36","date_gmt":"2015-05-11T08:33:36","guid":{"rendered":"https:\/\/www.nubeocho.comproducto\/mapatxe-vol-ser-primer-cat\/"},"modified":"2022-03-17T12:43:27","modified_gmt":"2022-03-17T11:43:27","slug":"mapatxe-vol-ser-primer-cat","status":"publish","type":"product","link":"https:\/\/www.nubeocho.com\/ca\/producte\/mapatxe-vol-ser-primer-cat\/","title":{"rendered":"L&#8217;Os rentador vol ser el primer"},"content":{"rendered":"<p>En l\u2019Os rentador vol ser el primer en tot, i gaireb\u00e9 sempre ho aconsegueix. Per\u00f2 un dia en Guillot arriba al bosc\u2026<\/p>\n<p>Una divertida aventura que ens ensenya que &#8220;ser el primer&#8221; no \u00e9s el m\u00e9s important. L&#8217;exc\u00e9s de competitivitat pot ser negativa i fer patir als nens.<\/p>\n<p>De la psic\u00f2loga infantil Susanna Isern, autora de <em>No m&#8217;han convidat a l&#8217;aniversari.<\/em><\/p>\n","protected":false},"excerpt":{"rendered":"<p>L&#8217;exc\u00e9s de competitivitat pot ser negatiu i fer patir als nens.<\/p>\n","protected":false},"featured_media":13484,"template":"","meta":[],"product_brand":[],"product_cat":[696,697],"product_tag":[1604,1620,1644],"class_list":{"0":"post-11740","1":"product","2":"type-product","3":"status-publish","4":"has-post-thumbnail","6":"colecciones-los-rentador-i-la-seva-colla","7":"edades-4-ca","8":"product_cat-cataleg","9":"product_cat-llibre-illustrat","10":"product_tag-amistat","11":"product_tag-emocions","12":"product_tag-per-reflexionar","14":"first","15":"instock","16":"product-type-simple"},"acf":[],"_links":{"self":[{"href":"https:\/\/www.nubeocho.com\/ca\/wp-json\/wp\/v2\/product\/11740","targetHints":{"allow":["GET"]}}],"collection":[{"href":"https:\/\/www.nubeocho.com\/ca\/wp-json\/wp\/v2\/product"}],"about":[{"href":"https:\/\/www.nubeocho.com\/ca\/wp-json\/wp\/v2\/types\/product"}],"wp:featuredmedia":[{"embeddable":true,"href":"https:\/\/www.nubeocho.com\/ca\/wp-json\/wp\/v2\/media\/13484"}],"wp:attachment":[{"href":"https:\/\/www.nubeocho.com\/ca\/wp-json\/wp\/v2\/media?parent=11740"}],"wp:term":[{"taxonomy":"product_brand","embeddable":true,"href":"https:\/\/www.nubeocho.com\/ca\/wp-json\/wp\/v2\/product_brand?post=11740"},{"taxonomy":"product_cat","embeddable":true,"href":"https:\/\/www.nubeocho.com\/ca\/wp-json\/wp\/v2\/product_cat?post=11740"},{"taxonomy":"product_tag","embeddable":true,"href":"https:\/\/www.nubeocho.com\/ca\/wp-json\/wp\/v2\/product_tag?post=11740"}],"curies":[{"name":"wp","href":"https:\/\/api.w.org\/{rel}","templated":true}]}}