{"id":11729,"date":"2020-09-14T10:33:21","date_gmt":"2020-09-14T08:33:21","guid":{"rendered":"https:\/\/www.nubeocho.comproducto\/increible-vaixell-capita-marco-cat\/"},"modified":"2021-12-14T14:18:52","modified_gmt":"2021-12-14T13:18:52","slug":"increible-vaixell-capita-marco-cat","status":"publish","type":"product","link":"https:\/\/www.nubeocho.com\/ca\/producte\/increible-vaixell-capita-marco-cat\/","title":{"rendered":"L&#8217;incre\u00efble vaixell del capit\u00e0 Marco"},"content":{"rendered":"<p>Un bon dia el Marco va decidir que solcaria els mars. Amb la seva tripulaci\u00f3 i el seu vaixell, va iniciar la seva travessia. Per\u00f2 el mar \u00e9s molt perill\u00f3s!<\/p>\n","protected":false},"excerpt":{"rendered":"<p>Tothom a bord! Aconseguir\u00e0 la tripulaci\u00f3 del capit\u00e0 Marco solcarels set mars?<\/p>\n","protected":false},"featured_media":6539,"template":"","meta":[],"product_brand":[],"product_cat":[696,697,1383],"product_tag":[1608],"class_list":{"0":"post-11729","1":"product","2":"type-product","3":"status-publish","4":"has-post-thumbnail","6":"colecciones-colleccio-som8","7":"edades-4-ca","8":"product_cat-cataleg","9":"product_cat-llibre-illustrat","10":"product_cat-novetats","11":"product_tag-noies-i-nois-pirata","13":"first","14":"instock","15":"product-type-simple"},"acf":[],"_links":{"self":[{"href":"https:\/\/www.nubeocho.com\/ca\/wp-json\/wp\/v2\/product\/11729","targetHints":{"allow":["GET"]}}],"collection":[{"href":"https:\/\/www.nubeocho.com\/ca\/wp-json\/wp\/v2\/product"}],"about":[{"href":"https:\/\/www.nubeocho.com\/ca\/wp-json\/wp\/v2\/types\/product"}],"wp:featuredmedia":[{"embeddable":true,"href":"https:\/\/www.nubeocho.com\/ca\/wp-json\/wp\/v2\/media\/6539"}],"wp:attachment":[{"href":"https:\/\/www.nubeocho.com\/ca\/wp-json\/wp\/v2\/media?parent=11729"}],"wp:term":[{"taxonomy":"product_brand","embeddable":true,"href":"https:\/\/www.nubeocho.com\/ca\/wp-json\/wp\/v2\/product_brand?post=11729"},{"taxonomy":"product_cat","embeddable":true,"href":"https:\/\/www.nubeocho.com\/ca\/wp-json\/wp\/v2\/product_cat?post=11729"},{"taxonomy":"product_tag","embeddable":true,"href":"https:\/\/www.nubeocho.com\/ca\/wp-json\/wp\/v2\/product_tag?post=11729"}],"curies":[{"name":"wp","href":"https:\/\/api.w.org\/{rel}","templated":true}]}}