{"id":11717,"date":"2019-02-18T10:33:21","date_gmt":"2019-02-18T09:33:21","guid":{"rendered":"https:\/\/www.nubeocho.comproducto\/gran-festa-olors-cat\/"},"modified":"2023-11-30T14:46:59","modified_gmt":"2023-11-30T13:46:59","slug":"gran-festa-olors-cat","status":"publish","type":"product","link":"https:\/\/www.nubeocho.com\/ca\/producte\/gran-festa-olors-cat\/","title":{"rendered":"La gran festa de les olors"},"content":{"rendered":"<p>Com es disfressen els talps? Vine a descobrir-ho en la gran festa de Talp Meravella. I a m\u00e9s&#8230; qu\u00e8 passaria si es col\u00e9s una perillosa mostela en la festa? Ella nom\u00e9s pensa a menjar-se un parell de talps b\u00e9grassonets.<\/p>\n","protected":false},"excerpt":{"rendered":"<p>Qu\u00e8 son les disfresses de frag\u00e0ncies? Vine a la festa del talpMeravella i descobeix-ho!<\/p>\n","protected":false},"featured_media":7304,"template":"","meta":[],"product_brand":[],"product_cat":[696,697],"product_tag":[1604,1632],"class_list":{"0":"post-11717","1":"product","2":"type-product","3":"status-publish","4":"has-post-thumbnail","6":"colecciones-colleccio-som8","7":"edades-4-ca","8":"product_cat-cataleg","9":"product_cat-llibre-illustrat","10":"product_tag-amistat","11":"product_tag-humor-ca","13":"first","14":"instock","15":"product-type-simple"},"acf":[],"_links":{"self":[{"href":"https:\/\/www.nubeocho.com\/ca\/wp-json\/wp\/v2\/product\/11717","targetHints":{"allow":["GET"]}}],"collection":[{"href":"https:\/\/www.nubeocho.com\/ca\/wp-json\/wp\/v2\/product"}],"about":[{"href":"https:\/\/www.nubeocho.com\/ca\/wp-json\/wp\/v2\/types\/product"}],"wp:featuredmedia":[{"embeddable":true,"href":"https:\/\/www.nubeocho.com\/ca\/wp-json\/wp\/v2\/media\/7304"}],"wp:attachment":[{"href":"https:\/\/www.nubeocho.com\/ca\/wp-json\/wp\/v2\/media?parent=11717"}],"wp:term":[{"taxonomy":"product_brand","embeddable":true,"href":"https:\/\/www.nubeocho.com\/ca\/wp-json\/wp\/v2\/product_brand?post=11717"},{"taxonomy":"product_cat","embeddable":true,"href":"https:\/\/www.nubeocho.com\/ca\/wp-json\/wp\/v2\/product_cat?post=11717"},{"taxonomy":"product_tag","embeddable":true,"href":"https:\/\/www.nubeocho.com\/ca\/wp-json\/wp\/v2\/product_tag?post=11717"}],"curies":[{"name":"wp","href":"https:\/\/api.w.org\/{rel}","templated":true}]}}