{"id":11711,"date":"2018-04-16T10:33:21","date_gmt":"2018-04-16T08:33:21","guid":{"rendered":"https:\/\/www.nubeocho.comproducto\/gran-ajuda-cat\/"},"modified":"2021-10-15T11:56:07","modified_gmt":"2021-10-15T09:56:07","slug":"gran-ajuda-cat","status":"publish","type":"product","link":"https:\/\/www.nubeocho.com\/ca\/producte\/gran-ajuda-cat\/","title":{"rendered":"Una gran ajuda"},"content":{"rendered":"<p>El Teix\u00f3 ha perdut el seu osset de peluix i est\u00e0 molt trist. El seu amic \u00d3s l&#8217;ajudar\u00e0 a trobar-lo. Plegats, buscaran en el prat, els matolls, el llac\u2026 El trobaran?<\/p>\n","protected":false},"excerpt":{"rendered":"<p>L&#8217;\u00d3s no es rendir\u00e0. Deixar\u00e0 d&#8217;estar trist el Teix\u00f3? Una emocionant i divertida hist\u00f2ria sobre la for\u00e7a de l&#8217;amistat.<\/p>\n","protected":false},"featured_media":6419,"template":"","meta":[],"product_brand":[],"product_cat":[696,697],"product_tag":[1604,1632],"class_list":{"0":"post-11711","1":"product","2":"type-product","3":"status-publish","4":"has-post-thumbnail","6":"colecciones-colleccio-som8","7":"edades-3-ca","8":"product_cat-cataleg","9":"product_cat-llibre-illustrat","10":"product_tag-amistat","11":"product_tag-humor-ca","13":"first","14":"instock","15":"product-type-simple"},"acf":[],"_links":{"self":[{"href":"https:\/\/www.nubeocho.com\/ca\/wp-json\/wp\/v2\/product\/11711","targetHints":{"allow":["GET"]}}],"collection":[{"href":"https:\/\/www.nubeocho.com\/ca\/wp-json\/wp\/v2\/product"}],"about":[{"href":"https:\/\/www.nubeocho.com\/ca\/wp-json\/wp\/v2\/types\/product"}],"wp:featuredmedia":[{"embeddable":true,"href":"https:\/\/www.nubeocho.com\/ca\/wp-json\/wp\/v2\/media\/6419"}],"wp:attachment":[{"href":"https:\/\/www.nubeocho.com\/ca\/wp-json\/wp\/v2\/media?parent=11711"}],"wp:term":[{"taxonomy":"product_brand","embeddable":true,"href":"https:\/\/www.nubeocho.com\/ca\/wp-json\/wp\/v2\/product_brand?post=11711"},{"taxonomy":"product_cat","embeddable":true,"href":"https:\/\/www.nubeocho.com\/ca\/wp-json\/wp\/v2\/product_cat?post=11711"},{"taxonomy":"product_tag","embeddable":true,"href":"https:\/\/www.nubeocho.com\/ca\/wp-json\/wp\/v2\/product_tag?post=11711"}],"curies":[{"name":"wp","href":"https:\/\/api.w.org\/{rel}","templated":true}]}}