{"id":11703,"date":"2018-11-12T10:33:05","date_gmt":"2018-11-12T09:33:05","guid":{"rendered":"https:\/\/www.nubeocho.comproducto\/lestel-del-talp-cat\/"},"modified":"2021-11-08T10:52:37","modified_gmt":"2021-11-08T09:52:37","slug":"lestel-del-talp-cat","status":"publish","type":"product","link":"https:\/\/www.nubeocho.com\/ca\/producte\/lestel-del-talp-cat\/","title":{"rendered":"L&#8217;estel del talp"},"content":{"rendered":"<p>Una nit, el Talp desitja tenir tots els estels del cel. De sobte, succeeix una cosa m\u00e0gica i aconsegueix endur-se&#8217;ls al seucau. Ell\u00e9s feli\u00e7 aix\u00ed, per\u00f2 qu\u00e8 ser\u00e0 dels altres animals? Com se sentiran quan vegin el cel sense estels? El Talp s&#8217;adonar\u00e0 que ha estat egoist aquedant-se amb tots els estels. A m\u00e9s a m\u00e9s, \u00e9s millor compartir-los.<\/p>\n","protected":false},"excerpt":{"rendered":"<p>De la m\u00e0 de Britta Teckentrup, l&#8217;autora de L&#8217;arbre dels records ens arriba un relat divertit i alhora po\u00e8tic.<\/p>\n","protected":false},"featured_media":7178,"template":"","meta":[],"product_brand":[],"product_cat":[696,697],"product_tag":[1604,1605,1644],"class_list":{"0":"post-11703","1":"product","2":"type-product","3":"status-publish","4":"has-post-thumbnail","6":"colecciones-colleccio-som8","7":"edades-4-ca","8":"product_cat-cataleg","9":"product_cat-llibre-illustrat","10":"product_tag-amistat","11":"product_tag-autors-internacionals","12":"product_tag-per-reflexionar","14":"first","15":"instock","16":"product-type-simple"},"acf":[],"_links":{"self":[{"href":"https:\/\/www.nubeocho.com\/ca\/wp-json\/wp\/v2\/product\/11703","targetHints":{"allow":["GET"]}}],"collection":[{"href":"https:\/\/www.nubeocho.com\/ca\/wp-json\/wp\/v2\/product"}],"about":[{"href":"https:\/\/www.nubeocho.com\/ca\/wp-json\/wp\/v2\/types\/product"}],"wp:featuredmedia":[{"embeddable":true,"href":"https:\/\/www.nubeocho.com\/ca\/wp-json\/wp\/v2\/media\/7178"}],"wp:attachment":[{"href":"https:\/\/www.nubeocho.com\/ca\/wp-json\/wp\/v2\/media?parent=11703"}],"wp:term":[{"taxonomy":"product_brand","embeddable":true,"href":"https:\/\/www.nubeocho.com\/ca\/wp-json\/wp\/v2\/product_brand?post=11703"},{"taxonomy":"product_cat","embeddable":true,"href":"https:\/\/www.nubeocho.com\/ca\/wp-json\/wp\/v2\/product_cat?post=11703"},{"taxonomy":"product_tag","embeddable":true,"href":"https:\/\/www.nubeocho.com\/ca\/wp-json\/wp\/v2\/product_tag?post=11703"}],"curies":[{"name":"wp","href":"https:\/\/api.w.org\/{rel}","templated":true}]}}