{"id":11682,"date":"2017-09-04T10:32:48","date_gmt":"2018-01-15T09:32:48","guid":{"rendered":"https:\/\/www.nubeocho.comproducto\/daniela-pirata-cat\/"},"modified":"2026-03-05T08:59:44","modified_gmt":"2026-03-05T07:59:44","slug":"daniela-pirata-cat","status":"publish","type":"product","link":"https:\/\/www.nubeocho.com\/ca\/producte\/daniela-pirata-cat\/","title":{"rendered":"Daniela la Pirata"},"content":{"rendered":"<p class=\"ql-align-justify\">La Daniela somia ser pirata del <em>Caiman Negre<\/em>.<br \/>\nPer\u00f2 l\u2019Orellatallada i els seus pirates no semblen molt contents amb la idea.<br \/>\nLa Daniela haur\u00e0 de passar proves dif\u00edcils i s&#8217;enfrontar\u00e0 a pirates masclistes.<br \/>\nAconseguir\u00e0 la nena convertir-se en una pirata del <em>Caiman Negre<\/em>?<\/p>\n","protected":false},"excerpt":{"rendered":"<p>Els pirates del Caiman Negre no volen noies al seu vaixell. Qu\u00e8 passar\u00e0 quan arribi la Daniela?<\/p>\n","protected":false},"featured_media":22070,"template":"","meta":[],"product_brand":[],"product_cat":[696,697],"product_tag":[1629,1635,1608],"class_list":{"0":"post-11682","1":"product","2":"type-product","3":"status-publish","4":"has-post-thumbnail","6":"colecciones-egalite-ca","7":"colecciones-daniela-pirata-ca","8":"edades-4-ca","9":"product_cat-cataleg","10":"product_cat-llibre-illustrat","11":"product_tag-grans-exits-els-mes-venuts","12":"product_tag-igualtat-feminisme","13":"product_tag-noies-i-nois-pirata","15":"first","16":"instock","17":"product-type-simple"},"acf":[],"_links":{"self":[{"href":"https:\/\/www.nubeocho.com\/ca\/wp-json\/wp\/v2\/product\/11682","targetHints":{"allow":["GET"]}}],"collection":[{"href":"https:\/\/www.nubeocho.com\/ca\/wp-json\/wp\/v2\/product"}],"about":[{"href":"https:\/\/www.nubeocho.com\/ca\/wp-json\/wp\/v2\/types\/product"}],"wp:featuredmedia":[{"embeddable":true,"href":"https:\/\/www.nubeocho.com\/ca\/wp-json\/wp\/v2\/media\/22070"}],"wp:attachment":[{"href":"https:\/\/www.nubeocho.com\/ca\/wp-json\/wp\/v2\/media?parent=11682"}],"wp:term":[{"taxonomy":"product_brand","embeddable":true,"href":"https:\/\/www.nubeocho.com\/ca\/wp-json\/wp\/v2\/product_brand?post=11682"},{"taxonomy":"product_cat","embeddable":true,"href":"https:\/\/www.nubeocho.com\/ca\/wp-json\/wp\/v2\/product_cat?post=11682"},{"taxonomy":"product_tag","embeddable":true,"href":"https:\/\/www.nubeocho.com\/ca\/wp-json\/wp\/v2\/product_tag?post=11682"}],"curies":[{"name":"wp","href":"https:\/\/api.w.org\/{rel}","templated":true}]}}